{"id":1525,"date":"2021-06-29T08:09:08","date_gmt":"2021-06-29T08:09:08","guid":{"rendered":"http:\/\/hpmc.ae\/?page_id=1525"},"modified":"2025-12-10T05:34:18","modified_gmt":"2025-12-10T05:34:18","slug":"hpmc-for-cement-plaster","status":"publish","type":"page","link":"https:\/\/hpmc.ae\/de\/industrial-applications\/drymix-mortar\/hpmc-for-cement-plaster\/","title":{"rendered":"Zementputz"},"content":{"rendered":"<div data-elementor-type=\"wp-page\" data-elementor-id=\"1525\" class=\"elementor elementor-1525\" data-elementor-post-type=\"page\">\n\t\t\t\t\t\t<section class=\"elementor-section elementor-top-section elementor-element elementor-element-21qyxkr elementor-section-boxed elementor-section-height-default elementor-section-height-default\" data-id=\"21qyxkr\" data-element_type=\"section\" data-settings=\"{&quot;background_background&quot;:&quot;classic&quot;}\">\n\t\t\t\t\t\t<div class=\"elementor-container elementor-column-gap-default\">\n\t\t\t\t\t<div class=\"elementor-column elementor-col-50 elementor-top-column elementor-element elementor-element-46e015b\" data-id=\"46e015b\" data-element_type=\"column\">\n\t\t\t<div class=\"elementor-widget-wrap elementor-element-populated\">\n\t\t\t\t\t\t<div class=\"elementor-element elementor-element-17c9bc2 elementor-widget elementor-widget-image\" data-id=\"17c9bc2\" data-element_type=\"widget\" data-widget_type=\"image.default\">\n\t\t\t\t<div class=\"elementor-widget-container\">\n\t\t\t\t\t\t\t\t\t\t\t\t\t\t\t<img fetchpriority=\"high\" decoding=\"async\" width=\"1200\" height=\"800\" src=\"https:\/\/hpmc.ae\/wp-content\/uploads\/2021\/06\/Cement-Plaster.jpg\" class=\"attachment-full size-full wp-image-1411\" alt=\"\" srcset=\"https:\/\/hpmc.ae\/wp-content\/uploads\/2021\/06\/Cement-Plaster.jpg 1200w, https:\/\/hpmc.ae\/wp-content\/uploads\/2021\/06\/Cement-Plaster-300x200.jpg 300w, https:\/\/hpmc.ae\/wp-content\/uploads\/2021\/06\/Cement-Plaster-1024x683.jpg 1024w, https:\/\/hpmc.ae\/wp-content\/uploads\/2021\/06\/Cement-Plaster-768x512.jpg 768w\" sizes=\"(max-width: 1200px) 100vw, 1200px\" \/>\t\t\t\t\t\t\t\t\t\t\t\t\t\t\t<\/div>\n\t\t\t\t<\/div>\n\t\t\t\t\t<\/div>\n\t\t<\/div>\n\t\t\t\t<div class=\"elementor-column elementor-col-50 elementor-top-column elementor-element elementor-element-8f69b41\" data-id=\"8f69b41\" data-element_type=\"column\">\n\t\t\t<div class=\"elementor-widget-wrap elementor-element-populated\">\n\t\t\t\t\t\t<div class=\"elementor-element elementor-element-24e2e7c elementor-widget elementor-widget-heading\" data-id=\"24e2e7c\" data-element_type=\"widget\" data-widget_type=\"heading.default\">\n\t\t\t\t<div class=\"elementor-widget-container\">\n\t\t\t\t\t<h3 class=\"elementor-heading-title elementor-size-default\">HPMC f\u00fcr Zementbasierte Putzarbeiten<\/h3>\t\t\t\t<\/div>\n\t\t\t\t<\/div>\n\t\t\t\t<div class=\"elementor-element elementor-element-e6617f9 elementor-widget-divider--view-line elementor-widget elementor-widget-divider\" data-id=\"e6617f9\" data-element_type=\"widget\" data-widget_type=\"divider.default\">\n\t\t\t\t<div class=\"elementor-widget-container\">\n\t\t\t\t\t\t\t<div class=\"elementor-divider\">\n\t\t\t<span class=\"elementor-divider-separator\">\n\t\t\t\t\t\t<\/span>\n\t\t<\/div>\n\t\t\t\t\t\t<\/div>\n\t\t\t\t<\/div>\n\t\t\t\t<div class=\"elementor-element elementor-element-0f51021 elementor-widget elementor-widget-text-editor\" data-id=\"0f51021\" data-element_type=\"widget\" data-widget_type=\"text-editor.default\">\n\t\t\t\t<div class=\"elementor-widget-container\">\n\t\t\t\t\t\t\t\t\t<p>Zementbasierter Putz ist ein Baustoff, der durch Mischen von Zement und Sand in einem bestimmten Verh\u00e4ltnis hergestellt wird. Er wird umfangreich an Innen- und Au\u00dfenw\u00e4nden verwendet, um die Funktionen der Wasserdichtigkeit, Verbesserung der Feuerwiderstandsf\u00e4higkeit und \u00c4sthetisierung der Oberfl\u00e4che durch den Einsatz von farbigen oder strukturierten Putzen zu erf\u00fcllen. Je nach Funktion k\u00f6nnen zementbasierte Putze in verschiedene Typen eingeteilt werden: Grundputze, Einlagige Putze, Dekorative Putze, Spachtelputze, Selbstnivellierende Verbundstoffe, Abdichtungsm\u00f6rtel usw. Im Vergleich zu anderen M\u00f6rteln zeichnet er sich durch bessere Flie\u00dff\u00e4higkeit, Haltbarkeit und Verarbeitbarkeit aus.<\/p>\t\t\t\t\t\t\t\t<\/div>\n\t\t\t\t<\/div>\n\t\t\t\t\t<\/div>\n\t\t<\/div>\n\t\t\t\t\t<\/div>\n\t\t<\/section>\n\t\t\t\t<section class=\"elementor-section elementor-top-section elementor-element elementor-element-27c6c973 elementor-reverse-tablet elementor-section-boxed elementor-section-height-default elementor-section-height-default\" data-id=\"27c6c973\" data-element_type=\"section\">\n\t\t\t\t\t\t<div class=\"elementor-container elementor-column-gap-default\">\n\t\t\t\t\t<div class=\"elementor-column elementor-col-50 elementor-top-column elementor-element elementor-element-1870c8b6\" data-id=\"1870c8b6\" data-element_type=\"column\" data-settings=\"{&quot;background_motion_fx_translateY_effect&quot;:&quot;yes&quot;,&quot;background_motion_fx_translateY_direction&quot;:&quot;negative&quot;,&quot;background_motion_fx_translateY_speed&quot;:{&quot;unit&quot;:&quot;px&quot;,&quot;size&quot;:&quot;2.5&quot;,&quot;sizes&quot;:[]},&quot;background_motion_fx_translateY_affectedRange&quot;:{&quot;unit&quot;:&quot;%&quot;,&quot;size&quot;:&quot;&quot;,&quot;sizes&quot;:{&quot;start&quot;:0,&quot;end&quot;:100}},&quot;background_motion_fx_devices&quot;:[&quot;desktop&quot;,&quot;tablet&quot;,&quot;mobile&quot;]}\">\n\t\t\t<div class=\"elementor-widget-wrap elementor-element-populated\">\n\t\t\t\t\t\t<div class=\"elementor-element elementor-element-79b2ec78 elementor-widget elementor-widget-icon-box\" data-id=\"79b2ec78\" data-element_type=\"widget\" data-widget_type=\"icon-box.default\">\n\t\t\t\t<div class=\"elementor-widget-container\">\n\t\t\t\t\t\t\t<div class=\"elementor-icon-box-wrapper\">\n\n\t\t\t\n\t\t\t\t\t\t<div class=\"elementor-icon-box-content\">\n\n\t\t\t\t\t\t\t\t\t<h3 class=\"elementor-icon-box-title\">\n\t\t\t\t\t\t<span  >\n\t\t\t\t\t\t\tBeschreibung:\t\t\t\t\t\t<\/span>\n\t\t\t\t\t<\/h3>\n\t\t\t\t\n\t\t\t\t\t\t\t\t\t<p class=\"elementor-icon-box-description\">\n\t\t\t\t\t\tZementbasierter Putz (Gips\/M\u00f6rtel) ist die Mischung aus geeignetem Sand, Zement und Wasser, die in der Regel auf Mauerwerk im Innen- und Au\u00dfenbereich aufgetragen wird, um eine glatte Wandoberfl\u00e4che zu erzielen. HPMC spielt eine Schl\u00fcsselrolle bei zementbasierten Putzarbeiten (Gips\/M\u00f6rtel), um die hervorragende Leistung bei Wasserbindung, Offenzeit, Verarbeitbarkeit, Rissbest\u00e4ndigkeit, Sagresistenz usw. zu erreichen.\t\t\t\t\t<\/p>\n\t\t\t\t\n\t\t\t<\/div>\n\t\t\t\n\t\t<\/div>\n\t\t\t\t\t\t<\/div>\n\t\t\t\t<\/div>\n\t\t\t\t\t<\/div>\n\t\t<\/div>\n\t\t\t\t<div class=\"elementor-column elementor-col-50 elementor-top-column elementor-element elementor-element-3a2bf33b\" data-id=\"3a2bf33b\" data-element_type=\"column\">\n\t\t\t<div class=\"elementor-widget-wrap\">\n\t\t\t\t\t\t\t<\/div>\n\t\t<\/div>\n\t\t\t\t\t<\/div>\n\t\t<\/section>\n\t\t\t\t<section class=\"elementor-section elementor-top-section elementor-element elementor-element-0d2283c elementor-reverse-tablet elementor-section-boxed elementor-section-height-default elementor-section-height-default\" data-id=\"0d2283c\" data-element_type=\"section\">\n\t\t\t\t\t\t<div class=\"elementor-container elementor-column-gap-default\">\n\t\t\t\t\t<div class=\"elementor-column elementor-col-50 elementor-top-column elementor-element elementor-element-0ab4383\" data-id=\"0ab4383\" data-element_type=\"column\" data-settings=\"{&quot;background_motion_fx_translateY_effect&quot;:&quot;yes&quot;,&quot;background_motion_fx_translateY_direction&quot;:&quot;negative&quot;,&quot;background_motion_fx_translateY_speed&quot;:{&quot;unit&quot;:&quot;px&quot;,&quot;size&quot;:&quot;2.5&quot;,&quot;sizes&quot;:[]},&quot;background_motion_fx_translateY_affectedRange&quot;:{&quot;unit&quot;:&quot;%&quot;,&quot;size&quot;:&quot;&quot;,&quot;sizes&quot;:{&quot;start&quot;:0,&quot;end&quot;:100}},&quot;background_motion_fx_devices&quot;:[&quot;desktop&quot;,&quot;tablet&quot;,&quot;mobile&quot;]}\">\n\t\t\t<div class=\"elementor-widget-wrap elementor-element-populated\">\n\t\t\t\t\t\t<div class=\"elementor-element elementor-element-d8aef8b elementor-icon-list--layout-traditional elementor-list-item-link-full_width elementor-widget elementor-widget-icon-list\" data-id=\"d8aef8b\" data-element_type=\"widget\" data-widget_type=\"icon-list.default\">\n\t\t\t\t<div class=\"elementor-widget-container\">\n\t\t\t\t\t\t\t<ul class=\"elementor-icon-list-items\">\n\t\t\t\t\t\t\t<li class=\"elementor-icon-list-item\">\n\t\t\t\t\t\t\t\t\t\t\t<span class=\"elementor-icon-list-icon\">\n\t\t\t\t\t\t\t<svg aria-hidden=\"true\" class=\"e-font-icon-svg e-fas-check\" viewbox=\"0 0 512 512\" xmlns=\"http:\/\/www.w3.org\/2000\/svg\"><path d=\"M173.898 439.404l-166.4-166.4c-9.997-9.997-9.997-26.206 0-36.204l36.203-36.204c9.997-9.998 26.207-9.998 36.204 0L192 312.69 432.095 72.596c9.997-9.997 26.207-9.997 36.204 0l36.203 36.204c9.997 9.997 9.997 26.206 0 36.204l-294.4 294.401c-9.998 9.997-26.207 9.997-36.204-.001z\"><\/path><\/svg>\t\t\t\t\t\t<\/span>\n\t\t\t\t\t\t\t\t\t\t<span class=\"elementor-icon-list-text\">Innen- und Au\u00dfen-Grundputze<\/span>\n\t\t\t\t\t\t\t\t\t<\/li>\n\t\t\t\t\t\t\t\t<li class=\"elementor-icon-list-item\">\n\t\t\t\t\t\t\t\t\t\t\t<span class=\"elementor-icon-list-icon\">\n\t\t\t\t\t\t\t<svg aria-hidden=\"true\" class=\"e-font-icon-svg e-fas-check\" viewbox=\"0 0 512 512\" xmlns=\"http:\/\/www.w3.org\/2000\/svg\"><path d=\"M173.898 439.404l-166.4-166.4c-9.997-9.997-9.997-26.206 0-36.204l36.203-36.204c9.997-9.998 26.207-9.998 36.204 0L192 312.69 432.095 72.596c9.997-9.997 26.207-9.997 36.204 0l36.203 36.204c9.997 9.997 9.997 26.206 0 36.204l-294.4 294.401c-9.998 9.997-26.207 9.997-36.204-.001z\"><\/path><\/svg>\t\t\t\t\t\t<\/span>\n\t\t\t\t\t\t\t\t\t\t<span class=\"elementor-icon-list-text\">Innen- und Au\u00dfen-Finish-Putze und Spachtelputze<\/span>\n\t\t\t\t\t\t\t\t\t<\/li>\n\t\t\t\t\t\t<\/ul>\n\t\t\t\t\t\t<\/div>\n\t\t\t\t<\/div>\n\t\t\t\t<div class=\"elementor-element elementor-element-9667ec3 elementor-widget elementor-widget-progress\" data-id=\"9667ec3\" data-element_type=\"widget\" data-widget_type=\"progress.default\">\n\t\t\t\t<div class=\"elementor-widget-container\">\n\t\t\t\t\t\n\t\t<div class=\"elementor-progress-wrapper\" role=\"progressbar\" aria-valuemin=\"0\" aria-valuemax=\"100\" aria-valuenow=\"100\" aria-valuetext=\"100% (Improved adhesion to various substrates)\">\n\t\t\t<div class=\"elementor-progress-bar\" data-max=\"100\">\n\t\t\t\t<span class=\"elementor-progress-text\">Verbesserte Haftung auf verschiedenen Untergr\u00fcnden<\/span>\n\t\t\t\t\t\t\t<\/div>\n\t\t<\/div>\n\t\t\t\t\t\t<\/div>\n\t\t\t\t<\/div>\n\t\t\t\t<div class=\"elementor-element elementor-element-9ca3916 elementor-widget elementor-widget-progress\" data-id=\"9ca3916\" data-element_type=\"widget\" data-widget_type=\"progress.default\">\n\t\t\t\t<div class=\"elementor-widget-container\">\n\t\t\t\t\t\n\t\t<div class=\"elementor-progress-wrapper\" role=\"progressbar\" aria-valuemin=\"0\" aria-valuemax=\"100\" aria-valuenow=\"100\" aria-valuetext=\"100% (Increased water repellency and hydrophobicity)\">\n\t\t\t<div class=\"elementor-progress-bar\" data-max=\"100\">\n\t\t\t\t<span class=\"elementor-progress-text\">Erh\u00f6hte Wasserabweisung und Hydrophobie<\/span>\n\t\t\t\t\t\t\t<\/div>\n\t\t<\/div>\n\t\t\t\t\t\t<\/div>\n\t\t\t\t<\/div>\n\t\t\t\t<div class=\"elementor-element elementor-element-5a04e05 elementor-widget elementor-widget-progress\" data-id=\"5a04e05\" data-element_type=\"widget\" data-widget_type=\"progress.default\">\n\t\t\t\t<div class=\"elementor-widget-container\">\n\t\t\t\t\t\n\t\t<div class=\"elementor-progress-wrapper\" role=\"progressbar\" aria-valuemin=\"0\" aria-valuemax=\"100\" aria-valuenow=\"100\" aria-valuetext=\"100% (Improved water retention, consistency and stability)\">\n\t\t\t<div class=\"elementor-progress-bar\" data-max=\"100\">\n\t\t\t\t<span class=\"elementor-progress-text\">Verbesserte Wasserbindung, Konsistenz und Stabilit\u00e4t<\/span>\n\t\t\t\t\t\t\t<\/div>\n\t\t<\/div>\n\t\t\t\t\t\t<\/div>\n\t\t\t\t<\/div>\n\t\t\t\t\t<\/div>\n\t\t<\/div>\n\t\t\t\t<div class=\"elementor-column elementor-col-50 elementor-top-column elementor-element elementor-element-0e81fb1\" data-id=\"0e81fb1\" data-element_type=\"column\">\n\t\t\t<div class=\"elementor-widget-wrap\">\n\t\t\t\t\t\t\t<\/div>\n\t\t<\/div>\n\t\t\t\t\t<\/div>\n\t\t<\/section>\n\t\t\t\t<section class=\"elementor-section elementor-top-section elementor-element elementor-element-87725ed elementor-section-boxed elementor-section-height-default elementor-section-height-default\" data-id=\"87725ed\" data-element_type=\"section\" data-settings=\"{&quot;background_background&quot;:&quot;classic&quot;}\">\n\t\t\t\t\t\t<div class=\"elementor-container elementor-column-gap-default\">\n\t\t\t\t\t<div class=\"elementor-column elementor-col-50 elementor-top-column elementor-element elementor-element-16b52f5\" data-id=\"16b52f5\" data-element_type=\"column\">\n\t\t\t<div class=\"elementor-widget-wrap elementor-element-populated\">\n\t\t\t\t\t\t<div class=\"elementor-element elementor-element-79e1081 elementor-widget elementor-widget-text-editor\" data-id=\"79e1081\" data-element_type=\"widget\" data-widget_type=\"text-editor.default\">\n\t\t\t\t<div class=\"elementor-widget-container\">\n\t\t\t\t\t\t\t\t\t<div class=\"elementor-element elementor-element-a6422c2 elementor-widget elementor-widget-heading\" data-id=\"a6422c2\" data-element_type=\"widget\" data-widget_type=\"heading.default\"><div class=\"elementor-widget-container\"><div class=\"elementor-element elementor-element-a6422c2 elementor-widget elementor-widget-heading\" data-id=\"a6422c2\" data-element_type=\"widget\" data-widget_type=\"heading.default\"><div class=\"elementor-widget-container\"><div class=\"elementor-element elementor-element-a6422c2 elementor-widget elementor-widget-heading\" data-id=\"a6422c2\" data-element_type=\"widget\" data-widget_type=\"heading.default\"><div class=\"elementor-widget-container\"><div class=\"elementor-element elementor-element-a6422c2 elementor-widget elementor-widget-heading\" data-id=\"a6422c2\" data-element_type=\"widget\" data-widget_type=\"heading.default\"><div class=\"elementor-widget-container\"><h4 class=\"elementor-heading-title elementor-size-default\">Empfehlungen: MK800<\/h4><\/div><\/div><div class=\"elementor-element elementor-element-5008b76 elementor-widget elementor-widget-text-editor\" data-id=\"5008b76\" data-element_type=\"widget\" data-widget_type=\"text-editor.default\"><div class=\"elementor-widget-container\"><table><tbody><tr><td colspan=\"2\"><strong>Eigenschaften und Spezifikationen\u00a0<\/strong><\/td><\/tr><tr class=\"nitro-offscreen\"><td>Chemischer Name<\/td><td>Hydroxypropylmethylcellulose<\/td><\/tr><tr class=\"nitro-offscreen\"><td>Aussehen\u00a0<\/td><td>Wei\u00dfes oder elfenbeinfarbenes Pulver<\/td><\/tr><tr class=\"nitro-offscreen\"><td>Verz\u00f6gerte L\u00f6slichkeit<\/td><td>No<\/td><\/tr><tr class=\"nitro-offscreen\"><td>Feuchtigkeitsgehalt\u00a0<\/td><td>\u22646 %<\/td><\/tr><tr class=\"nitro-offscreen\"><td>Aschegehalt\u00a0 \u00a0 \u00a0<\/td><td>\u22645 \uff05<\/td><\/tr><tr class=\"nitro-offscreen\"><td>Methoxygehalt\u00a0\u00a0<\/td><td>19-24 \uff05<\/td><\/tr><tr class=\"nitro-offscreen\"><td>Hydroxypropylgehalt\u00a0\u00a0<\/td><td>4-12 \uff05<\/td><\/tr><tr class=\"nitro-offscreen\"><td>pH-Wert\u00a0<\/td><td>6-8<\/td><\/tr><tr class=\"nitro-offscreen\"><td>Partikelgr\u00f6\u00dfe\u00a0 \u00a0<\/td><td>99% Durchlass 80 Mesh<\/td><\/tr><tr class=\"nitro-offscreen\"><td rowspan=\"2\">Viskosit\u00e4t\u00a0<\/td><td>75.000-80.000 mPa.s\u00a0(NDJ-1, 2% L\u00f6sung, 20\u2103)<\/td><\/tr><tr class=\"nitro-offscreen\"><td>35.000-40.000 mPa.s\u00a0(Brookfield-RV, 2% L\u00f6sung, 20\u2103)<\/td><\/tr><\/tbody><\/table><\/div><\/div><\/div><\/div><div class=\"elementor-element elementor-element-5008b76 elementor-widget elementor-widget-text-editor\" data-id=\"5008b76\" data-element_type=\"widget\" data-widget_type=\"text-editor.default\">\u00a0<\/div><\/div><\/div><\/div><\/div>\t\t\t\t\t\t\t\t<\/div>\n\t\t\t\t<\/div>\n\t\t\t\t\t<\/div>\n\t\t<\/div>\n\t\t\t\t<div class=\"elementor-column elementor-col-50 elementor-top-column elementor-element elementor-element-66e7dbe\" data-id=\"66e7dbe\" data-element_type=\"column\">\n\t\t\t<div class=\"elementor-widget-wrap elementor-element-populated\">\n\t\t\t\t\t\t<div class=\"elementor-element elementor-element-893b896 elementor-widget elementor-widget-text-editor\" data-id=\"893b896\" data-element_type=\"widget\" data-widget_type=\"text-editor.default\">\n\t\t\t\t<div class=\"elementor-widget-container\">\n\t\t\t\t\t\t\t\t\t<div class=\"elementor-element elementor-element-2ef2f91 elementor-widget elementor-widget-heading\" data-id=\"2ef2f91\" data-element_type=\"widget\" data-widget_type=\"heading.default\"><div class=\"elementor-widget-container\"><div class=\"elementor-element elementor-element-2ef2f91 elementor-widget elementor-widget-heading\" data-id=\"2ef2f91\" data-element_type=\"widget\" data-widget_type=\"heading.default\"><div class=\"elementor-widget-container\"><div class=\"elementor-element elementor-element-2ef2f91 elementor-widget elementor-widget-heading\" data-id=\"2ef2f91\" data-element_type=\"widget\" data-widget_type=\"heading.default\"><div class=\"elementor-widget-container\"><div class=\"elementor-element elementor-element-1a16aa9 elementor-widget elementor-widget-heading\" data-id=\"1a16aa9\" data-element_type=\"widget\" data-widget_type=\"heading.default\"><div class=\"elementor-widget-container\"><h4 class=\"elementor-heading-title elementor-size-default\">Empfehlungen: MK110E<\/h4><\/div><\/div><div class=\"elementor-element elementor-element-058a211 elementor-widget elementor-widget-text-editor\" data-id=\"058a211\" data-element_type=\"widget\" data-widget_type=\"text-editor.default\"><div class=\"elementor-widget-container\"><table><tbody><tr><td colspan=\"2\"><strong>Eigenschaften und Spezifikationen\u00a0<\/strong><\/td><\/tr><tr><td>Chemischer Name<\/td><td>Hydroxyethyl methyl cellulose<\/td><\/tr><tr><td>Aussehen\u00a0<\/td><td>Wei\u00dfes oder elfenbeinfarbenes Pulver<\/td><\/tr><tr><td>Verz\u00f6gerte L\u00f6slichkeit<\/td><td>No<\/td><\/tr><tr><td>Feuchtigkeitsgehalt\u00a0<\/td><td>\u22646 %<\/td><\/tr><tr><td>Aschegehalt\u00a0 \u00a0 \u00a0<\/td><td>\u22645 \uff05<\/td><\/tr><tr><td>Etherification(MS\/DS)\u00a0<\/td><td>0.8-1.2\/1.8-2.0\u00a0\u00a0<\/td><\/tr><tr><td>pH-Wert\u00a0<\/td><td>6-8<\/td><\/tr><tr><td>Partikelgr\u00f6\u00dfe\u00a0 \u00a0<\/td><td>99% Durchlass 80 Mesh<\/td><\/tr><tr><td rowspan=\"2\">Viskosit\u00e4t\u00a0<\/td><td>85.000-110.000 mPa.s\u00a0(NDJ-1, 2% L\u00f6sung, 20\u2103)<\/td><\/tr><tr><td>45.000-60.000 mPa.s\u00a0(Brookfield-RV, 2% L\u00f6sung, 20\u2103)<\/td><\/tr><\/tbody><\/table><\/div><\/div><\/div><\/div><div class=\"elementor-element elementor-element-35f6c2f elementor-widget elementor-widget-text-editor\" data-id=\"35f6c2f\" data-element_type=\"widget\" data-widget_type=\"text-editor.default\">\u00a0<\/div><\/div><\/div><\/div><\/div>\t\t\t\t\t\t\t\t<\/div>\n\t\t\t\t<\/div>\n\t\t\t\t\t<\/div>\n\t\t<\/div>\n\t\t\t\t\t<\/div>\n\t\t<\/section>\n\t\t\t\t<section class=\"elementor-section elementor-top-section elementor-element elementor-element-4626004 elementor-reverse-tablet elementor-section-boxed elementor-section-height-default elementor-section-height-default\" data-id=\"4626004\" data-element_type=\"section\">\n\t\t\t\t\t\t<div class=\"elementor-container elementor-column-gap-default\">\n\t\t\t\t\t<div class=\"elementor-column elementor-col-50 elementor-top-column elementor-element elementor-element-b9e298d\" data-id=\"b9e298d\" data-element_type=\"column\">\n\t\t\t<div class=\"elementor-widget-wrap elementor-element-populated\">\n\t\t\t\t\t\t<div class=\"elementor-element elementor-element-e875c62 elementor-widget elementor-widget-heading\" data-id=\"e875c62\" data-element_type=\"widget\" data-widget_type=\"heading.default\">\n\t\t\t\t<div class=\"elementor-widget-container\">\n\t\t\t\t\t<h2 class=\"elementor-heading-title elementor-size-default\">Kostenlose Muster anfordern<\/h2>\t\t\t\t<\/div>\n\t\t\t\t<\/div>\n\t\t\t\t<div class=\"elementor-element elementor-element-a8ec97f elementor-widget elementor-widget-text-editor\" data-id=\"a8ec97f\" data-element_type=\"widget\" data-widget_type=\"text-editor.default\">\n\t\t\t\t<div class=\"elementor-widget-container\">\n\t\t\t\t\t\t\t\t\t<p>Wir stellen kostenlose Muster zum Testen bereit\u00a0<\/p>\t\t\t\t\t\t\t\t<\/div>\n\t\t\t\t<\/div>\n\t\t\t\t<div class=\"elementor-element elementor-element-c6fb0d0 elementor-button-align-stretch elementor-widget elementor-widget-form\" data-id=\"c6fb0d0\" data-element_type=\"widget\" data-settings=\"{&quot;step_next_label&quot;:&quot;Next&quot;,&quot;step_previous_label&quot;:&quot;Previous&quot;,&quot;button_width&quot;:&quot;100&quot;,&quot;step_type&quot;:&quot;number_text&quot;,&quot;step_icon_shape&quot;:&quot;circle&quot;}\" data-widget_type=\"form.default\">\n\t\t\t\t<div class=\"elementor-widget-container\">\n\t\t\t\t\t\t\t<form class=\"elementor-form\" method=\"post\" name=\"New Form\" aria-label=\"Neues Formular\" action=\"\">\n\t\t\t<input type=\"hidden\" name=\"post_id\" value=\"1525\"\/>\n\t\t\t<input type=\"hidden\" name=\"form_id\" value=\"c6fb0d0\"\/>\n\t\t\t<input type=\"hidden\" name=\"referer_title\" value=\"Cement Plaster\" \/>\n\n\t\t\t\t\t\t\t<input type=\"hidden\" name=\"queried_id\" value=\"1525\"\/>\n\t\t\t\n\t\t\t<div class=\"elementor-form-fields-wrapper elementor-labels-\">\n\t\t\t\t\t\t\t\t<div class=\"elementor-field-type-text elementor-field-group elementor-column elementor-field-group-name elementor-col-100\">\n\t\t\t\t\t\t\t\t\t\t\t\t<label for=\"form-field-name\" class=\"elementor-field-label elementor-screen-only\">\n\t\t\t\t\t\t\t\tName\t\t\t\t\t\t\t<\/label>\n\t\t\t\t\t\t\t\t\t\t\t\t\t\t<input size=\"1\" type=\"text\" name=\"form_fields[name]\" id=\"form-field-name\" class=\"elementor-field elementor-size-sm  elementor-field-textual\" placeholder=\"Name\">\n\t\t\t\t\t\t\t\t\t\t\t<\/div>\n\t\t\t\t\t\t\t\t<div class=\"elementor-field-type-email elementor-field-group elementor-column elementor-field-group-email elementor-col-100 elementor-field-required\">\n\t\t\t\t\t\t\t\t\t\t\t\t<label for=\"form-field-email\" class=\"elementor-field-label elementor-screen-only\">\n\t\t\t\t\t\t\t\tE-Mail\t\t\t\t\t\t\t<\/label>\n\t\t\t\t\t\t\t\t\t\t\t\t\t\t<input size=\"1\" type=\"email\" name=\"form_fields[email]\" id=\"form-field-email\" class=\"elementor-field elementor-size-sm  elementor-field-textual\" placeholder=\"contacts@company.com\" required=\"required\">\n\t\t\t\t\t\t\t\t\t\t\t<\/div>\n\t\t\t\t\t\t\t\t<div class=\"elementor-field-type-textarea elementor-field-group elementor-column elementor-field-group-message elementor-col-100\">\n\t\t\t\t\t\t\t\t\t\t\t\t<label for=\"form-field-message\" class=\"elementor-field-label elementor-screen-only\">\n\t\t\t\t\t\t\t\tNachricht\t\t\t\t\t\t\t<\/label>\n\t\t\t\t\t\t<textarea class=\"elementor-field-textual elementor-field  elementor-size-sm\" name=\"form_fields[message]\" id=\"form-field-message\" rows=\"4\" placeholder=\"Ihre Nachricht hier eingeben\"><\/textarea>\t\t\t\t<\/div>\n\t\t\t\t\t\t\t\t<div class=\"elementor-field-type-recaptcha elementor-field-group elementor-column elementor-field-group-field_0537512 elementor-col-100\">\n\t\t\t\t\t<div class=\"elementor-field\" id=\"form-field-field_0537512\"><div class=\"elementor-g-recaptcha\" data-sitekey=\"6LdqUc8dAAAAAD1PTE9BnvbAL6b1Ja3eWEfKLTN7\" data-type=\"v2_checkbox\" data-theme=\"light\" data-size=\"normal\"><\/div><\/div>\t\t\t\t<\/div>\n\t\t\t\t\t\t\t\t<div class=\"elementor-field-group elementor-column elementor-field-type-submit elementor-col-100 e-form__buttons\">\n\t\t\t\t\t<button class=\"elementor-button elementor-size-md\" type=\"submit\">\n\t\t\t\t\t\t<span class=\"elementor-button-content-wrapper\">\n\t\t\t\t\t\t\t\t\t\t\t\t\t\t\t\t\t\t\t\t\t\t<span class=\"elementor-button-text\">Nachricht senden<\/span>\n\t\t\t\t\t\t\t\t\t\t\t\t\t<\/span>\n\t\t\t\t\t<\/button>\n\t\t\t\t<\/div>\n\t\t\t<\/div>\n\t\t<input type=\"hidden\" name=\"trp-form-language\" value=\"de\"\/><\/form>\n\t\t\t\t\t\t<\/div>\n\t\t\t\t<\/div>\n\t\t\t\t\t<\/div>\n\t\t<\/div>\n\t\t\t\t<div class=\"elementor-column elementor-col-50 elementor-top-column elementor-element elementor-element-7479203\" data-id=\"7479203\" data-element_type=\"column\" data-settings=\"{&quot;background_background&quot;:&quot;classic&quot;}\">\n\t\t\t<div class=\"elementor-widget-wrap elementor-element-populated\">\n\t\t\t\t\t\t<div class=\"elementor-element elementor-element-a7c8382 elementor-widget elementor-widget-google_maps\" data-id=\"a7c8382\" data-element_type=\"widget\" data-widget_type=\"google_maps.default\">\n\t\t\t\t<div class=\"elementor-widget-container\">\n\t\t\t\t\t\t\t<div class=\"elementor-custom-embed\">\n\t\t\t<iframe loading=\"lazy\"\n\t\t\t\t\tsrc=\"https:\/\/maps.google.com\/maps?q=No.19%20Lishan%20N%20Road%2C%20Tianqiao%2C%20Jinan%2C%20Shandong%2C%20China.&#038;t=m&#038;z=15&#038;output=embed&#038;iwloc=near\"\n\t\t\t\t\ttitle=\"No.19 Lishan N Road, Tianqiao, Jinan, Shandong, China.\"\n\t\t\t\t\taria-label=\"No.19 Lishan N Road, Tianqiao, Jinan, Shandong, China.\"\n\t\t\t><\/iframe>\n\t\t<\/div>\n\t\t\t\t\t\t<\/div>\n\t\t\t\t<\/div>\n\t\t\t\t\t<\/div>\n\t\t<\/div>\n\t\t\t\t\t<\/div>\n\t\t<\/section>\n\t\t\t\t<\/div>","protected":false},"excerpt":{"rendered":"<p>HPMC For Cement-based render Cement-based render is a building material made by mixing cement and sand in a particular proportion. It has been extensively used on internal and external walls to perform the functions of waterproofing, improving fire rating, and aestheticizing the surface through the use of coloured or textured renders. According to its functions, [&hellip;]<\/p>","protected":false},"author":1,"featured_media":0,"parent":5387,"menu_order":0,"comment_status":"closed","ping_status":"closed","template":"","meta":{"footnotes":""},"class_list":["post-1525","page","type-page","status-publish","hentry"],"_links":{"self":[{"href":"https:\/\/hpmc.ae\/de\/wp-json\/wp\/v2\/pages\/1525","targetHints":{"allow":["GET"]}}],"collection":[{"href":"https:\/\/hpmc.ae\/de\/wp-json\/wp\/v2\/pages"}],"about":[{"href":"https:\/\/hpmc.ae\/de\/wp-json\/wp\/v2\/types\/page"}],"author":[{"embeddable":true,"href":"https:\/\/hpmc.ae\/de\/wp-json\/wp\/v2\/users\/1"}],"replies":[{"embeddable":true,"href":"https:\/\/hpmc.ae\/de\/wp-json\/wp\/v2\/comments?post=1525"}],"version-history":[{"count":22,"href":"https:\/\/hpmc.ae\/de\/wp-json\/wp\/v2\/pages\/1525\/revisions"}],"predecessor-version":[{"id":1961,"href":"https:\/\/hpmc.ae\/de\/wp-json\/wp\/v2\/pages\/1525\/revisions\/1961"}],"up":[{"embeddable":true,"href":"https:\/\/hpmc.ae\/de\/wp-json\/wp\/v2\/pages\/5387"}],"wp:attachment":[{"href":"https:\/\/hpmc.ae\/de\/wp-json\/wp\/v2\/media?parent=1525"}],"curies":[{"name":"wp","href":"https:\/\/api.w.org\/{rel}","templated":true}]}}