{"id":1594,"date":"2021-06-29T08:39:28","date_gmt":"2021-06-29T08:39:28","guid":{"rendered":"http:\/\/hpmc.ae\/?page_id=1594"},"modified":"2025-12-10T05:40:41","modified_gmt":"2025-12-10T05:40:41","slug":"oil-drilling-2","status":"publish","type":"page","link":"https:\/\/hpmc.ae\/hu\/industrial-applications\/more-markets\/oil-drilling-2\/","title":{"rendered":"Olajf\u00far\u00e1s"},"content":{"rendered":"<div data-elementor-type=\"wp-page\" data-elementor-id=\"1594\" class=\"elementor elementor-1594\" data-elementor-post-type=\"page\">\n\t\t\t\t\t\t<section class=\"elementor-section elementor-top-section elementor-element elementor-element-lbm1uil elementor-section-boxed elementor-section-height-default elementor-section-height-default\" data-id=\"lbm1uil\" data-element_type=\"section\" data-settings=\"{&quot;background_background&quot;:&quot;classic&quot;}\">\n\t\t\t\t\t\t\t<div class=\"elementor-background-overlay\"><\/div>\n\t\t\t\t\t\t\t<div class=\"elementor-container elementor-column-gap-no\">\n\t\t\t\t\t<div class=\"elementor-column elementor-col-50 elementor-top-column elementor-element elementor-element-2db5b36\" data-id=\"2db5b36\" data-element_type=\"column\">\n\t\t\t<div class=\"elementor-widget-wrap elementor-element-populated\">\n\t\t\t\t\t\t<div class=\"elementor-element elementor-element-e42959b elementor-widget elementor-widget-heading\" data-id=\"e42959b\" data-element_type=\"widget\" data-widget_type=\"heading.default\">\n\t\t\t\t<div class=\"elementor-widget-container\">\n\t\t\t\t\t<h2 class=\"elementor-heading-title elementor-size-default\">Olajf\u00far\u00e1s<\/h2>\t\t\t\t<\/div>\n\t\t\t\t<\/div>\n\t\t\t\t<div class=\"elementor-element elementor-element-a42dd00 elementor-widget elementor-widget-text-editor\" data-id=\"a42dd00\" data-element_type=\"widget\" data-widget_type=\"text-editor.default\">\n\t\t\t\t<div class=\"elementor-widget-container\">\n\t\t\t\t\t\t\t\t\t<p>A falfest\u00e9kek c\u00e9lja, hogy jobban ellen\u00e1lljanak a kop\u00e1snak, karcol\u00e1soknak \u00e9s tapad\u00e1snak. Emellett \u00fagy vannak kialak\u00edtva, hogy kib\u00edrj\u00e1k a tiszt\u00edt\u00e1sokat, p\u00e9ld\u00e1ul a paradicsomsz\u00f3sz folt elt\u00e1vol\u00edt\u00e1s\u00e1t, \u00edgy leggyakrabban bevonatokban haszn\u00e1lj\u00e1k.<\/p>\t\t\t\t\t\t\t\t<\/div>\n\t\t\t\t<\/div>\n\t\t\t\t\t<\/div>\n\t\t<\/div>\n\t\t\t\t<div class=\"elementor-column elementor-col-50 elementor-top-column elementor-element elementor-element-c4be8bc\" data-id=\"c4be8bc\" data-element_type=\"column\">\n\t\t\t<div class=\"elementor-widget-wrap elementor-element-populated\">\n\t\t\t\t\t\t<div class=\"elementor-element elementor-element-ff37682 elementor-widget elementor-widget-image\" data-id=\"ff37682\" data-element_type=\"widget\" data-widget_type=\"image.default\">\n\t\t\t\t<div class=\"elementor-widget-container\">\n\t\t\t\t\t\t\t\t\t\t\t\t\t\t\t<img fetchpriority=\"high\" decoding=\"async\" width=\"868\" height=\"344\" src=\"https:\/\/hpmc.ae\/wp-content\/uploads\/2021\/06\/Oil-Drilling.jpg\" class=\"attachment-full size-full wp-image-1233\" alt=\"\" srcset=\"https:\/\/hpmc.ae\/wp-content\/uploads\/2021\/06\/Oil-Drilling.jpg 868w, https:\/\/hpmc.ae\/wp-content\/uploads\/2021\/06\/Oil-Drilling-300x119.jpg 300w, https:\/\/hpmc.ae\/wp-content\/uploads\/2021\/06\/Oil-Drilling-768x304.jpg 768w\" sizes=\"(max-width: 868px) 100vw, 868px\" \/>\t\t\t\t\t\t\t\t\t\t\t\t\t\t\t<\/div>\n\t\t\t\t<\/div>\n\t\t\t\t\t<\/div>\n\t\t<\/div>\n\t\t\t\t\t<\/div>\n\t\t<\/section>\n\t\t\t\t<section class=\"elementor-section elementor-top-section elementor-element elementor-element-6289fuc elementor-section-boxed elementor-section-height-default elementor-section-height-default\" data-id=\"6289fuc\" data-element_type=\"section\">\n\t\t\t\t\t\t<div class=\"elementor-container elementor-column-gap-no\">\n\t\t\t\t\t<div class=\"elementor-column elementor-col-100 elementor-top-column elementor-element elementor-element-ef71edf\" data-id=\"ef71edf\" data-element_type=\"column\">\n\t\t\t<div class=\"elementor-widget-wrap elementor-element-populated\">\n\t\t\t\t\t\t<div class=\"elementor-element elementor-element-c75db0c elementor-widget elementor-widget-heading\" data-id=\"c75db0c\" data-element_type=\"widget\" data-widget_type=\"heading.default\">\n\t\t\t\t<div class=\"elementor-widget-container\">\n\t\t\t\t\t<h2 class=\"elementor-heading-title elementor-size-default\">Mi\u00e9rt a MEIKAI EgaCel\u2122<\/h2>\t\t\t\t<\/div>\n\t\t\t\t<\/div>\n\t\t\t\t<div class=\"elementor-element elementor-element-cf5e43c elementor-widget-divider--view-line elementor-widget elementor-widget-divider\" data-id=\"cf5e43c\" data-element_type=\"widget\" data-widget_type=\"divider.default\">\n\t\t\t\t<div class=\"elementor-widget-container\">\n\t\t\t\t\t\t\t<div class=\"elementor-divider\">\n\t\t\t<span class=\"elementor-divider-separator\">\n\t\t\t\t\t\t<\/span>\n\t\t<\/div>\n\t\t\t\t\t\t<\/div>\n\t\t\t\t<\/div>\n\t\t\t\t<div class=\"elementor-element elementor-element-da461da elementor-widget elementor-widget-heading\" data-id=\"da461da\" data-element_type=\"widget\" data-widget_type=\"heading.default\">\n\t\t\t\t<div class=\"elementor-widget-container\">\n\t\t\t\t\t<h5 class=\"elementor-heading-title elementor-size-default\">A MEIKAI EgaCel\u2122 kiv\u00e1l\u00f3 szuszpenzi\u00f3s tulajdons\u00e1gokat k\u00edn\u00e1l, sz\u00e9les kompatibilit\u00e1ssal, amelyeket egy sz\u00e9les sz\u00ednpigment, emulzi\u00f3, fel\u00fcletakt\u00edv anyag, emulge\u00e1l\u00f3szer, habz\u00e1scs\u00f6kkent\u0151 \u00e9s tart\u00f3s\u00edt\u00f3szer v\u00e1laszt\u00e9kkal lehet p\u00e1ros\u00edtani.\n\n<\/h5>\t\t\t\t<\/div>\n\t\t\t\t<\/div>\n\t\t\t\t\t<\/div>\n\t\t<\/div>\n\t\t\t\t\t<\/div>\n\t\t<\/section>\n\t\t\t\t<section class=\"elementor-section elementor-top-section elementor-element elementor-element-633df6e elementor-section-boxed elementor-section-height-default elementor-section-height-default\" data-id=\"633df6e\" data-element_type=\"section\">\n\t\t\t\t\t\t<div class=\"elementor-container elementor-column-gap-default\">\n\t\t\t\t\t<div class=\"elementor-column elementor-col-50 elementor-top-column elementor-element elementor-element-7c87dc9\" data-id=\"7c87dc9\" data-element_type=\"column\">\n\t\t\t<div class=\"elementor-widget-wrap elementor-element-populated\">\n\t\t\t\t\t\t<div class=\"elementor-element elementor-element-281460b elementor-widget elementor-widget-text-editor\" data-id=\"281460b\" data-element_type=\"widget\" data-widget_type=\"text-editor.default\">\n\t\t\t\t<div class=\"elementor-widget-container\">\n\t\t\t\t\t\t\t\t\t<ul><li>J\u00f3 mobilit\u00e1st \u00e9s stabilit\u00e1st biztos\u00edt a habarcsnak<\/li><li>N\u00f6veli a habarcs homoksz\u00e1ll\u00edt\u00f3 k\u00e9pess\u00e9g\u00e9t<\/li><li>Megakad\u00e1lyozza, hogy a habarcsban l\u00e9v\u0151 v\u00edz bejusson az olajtart\u00e1lyba<\/li><li>Fokozza a fal t\u00e1rol\u00f3 stabiliz\u00e1l\u00f3 k\u00e9pess\u00e9g\u00e9t<\/li><\/ul>\t\t\t\t\t\t\t\t<\/div>\n\t\t\t\t<\/div>\n\t\t\t\t\t<\/div>\n\t\t<\/div>\n\t\t\t\t<div class=\"elementor-column elementor-col-50 elementor-top-column elementor-element elementor-element-0f8aa62\" data-id=\"0f8aa62\" data-element_type=\"column\">\n\t\t\t<div class=\"elementor-widget-wrap\">\n\t\t\t\t\t\t\t<\/div>\n\t\t<\/div>\n\t\t\t\t\t<\/div>\n\t\t<\/section>\n\t\t\t\t<\/div>","protected":false},"excerpt":{"rendered":"<p>Olajf\u00far\u00f3 fallapok c\u00e9lja, hogy jobban ellen\u00e1lljon a karcol\u00e1soknak, horzsol\u00e1soknak \u00e9s tapad\u00e1snak. Emellett \u00fagy van kialak\u00edtva, hogy kib\u00edrja a tiszt\u00edt\u00e1sokat, p\u00e9ld\u00e1ul a paradicsomsz\u00f3sz folt elt\u00e1vol\u00edt\u00e1s\u00e1t, ez\u00e9rt leggyakrabban bevonatokban haszn\u00e1lj\u00e1k. Mi\u00e9rt MEIKAI EgaCel\u2122? A MEIKAI EgaCel\u2122 kiv\u00e1l\u00f3 szuszpenzi\u00f3s tulajdons\u00e1got k\u00edn\u00e1l, sz\u00e9les kompatibilit\u00e1ssal, amely k\u00e9pes [\u2026]<\/p>","protected":false},"author":1,"featured_media":0,"parent":5396,"menu_order":0,"comment_status":"closed","ping_status":"closed","template":"","meta":{"footnotes":""},"class_list":["post-1594","page","type-page","status-publish","hentry"],"_links":{"self":[{"href":"https:\/\/hpmc.ae\/hu\/wp-json\/wp\/v2\/pages\/1594","targetHints":{"allow":["GET"]}}],"collection":[{"href":"https:\/\/hpmc.ae\/hu\/wp-json\/wp\/v2\/pages"}],"about":[{"href":"https:\/\/hpmc.ae\/hu\/wp-json\/wp\/v2\/types\/page"}],"author":[{"embeddable":true,"href":"https:\/\/hpmc.ae\/hu\/wp-json\/wp\/v2\/users\/1"}],"replies":[{"embeddable":true,"href":"https:\/\/hpmc.ae\/hu\/wp-json\/wp\/v2\/comments?post=1594"}],"version-history":[{"count":10,"href":"https:\/\/hpmc.ae\/hu\/wp-json\/wp\/v2\/pages\/1594\/revisions"}],"predecessor-version":[{"id":1611,"href":"https:\/\/hpmc.ae\/hu\/wp-json\/wp\/v2\/pages\/1594\/revisions\/1611"}],"up":[{"embeddable":true,"href":"https:\/\/hpmc.ae\/hu\/wp-json\/wp\/v2\/pages\/5396"}],"wp:attachment":[{"href":"https:\/\/hpmc.ae\/hu\/wp-json\/wp\/v2\/media?parent=1594"}],"curies":[{"name":"wp","href":"https:\/\/api.w.org\/{rel}","templated":true}]}}