{"id":1594,"date":"2021-06-29T08:39:28","date_gmt":"2021-06-29T08:39:28","guid":{"rendered":"http:\/\/hpmc.ae\/?page_id=1594"},"modified":"2025-12-10T05:40:41","modified_gmt":"2025-12-10T05:40:41","slug":"oil-drilling-2","status":"publish","type":"page","link":"https:\/\/hpmc.ae\/lt\/industrial-applications\/more-markets\/oil-drilling-2\/","title":{"rendered":"Naftos gr\u0119\u017eimas"},"content":{"rendered":"<div data-elementor-type=\"wp-page\" data-elementor-id=\"1594\" class=\"elementor elementor-1594\" data-elementor-post-type=\"page\">\n\t\t\t\t\t\t<section class=\"elementor-section elementor-top-section elementor-element elementor-element-lbm1uil elementor-section-boxed elementor-section-height-default elementor-section-height-default\" data-id=\"lbm1uil\" data-element_type=\"section\" data-settings=\"{&quot;background_background&quot;:&quot;classic&quot;}\">\n\t\t\t\t\t\t\t<div class=\"elementor-background-overlay\"><\/div>\n\t\t\t\t\t\t\t<div class=\"elementor-container elementor-column-gap-no\">\n\t\t\t\t\t<div class=\"elementor-column elementor-col-50 elementor-top-column elementor-element elementor-element-2db5b36\" data-id=\"2db5b36\" data-element_type=\"column\">\n\t\t\t<div class=\"elementor-widget-wrap elementor-element-populated\">\n\t\t\t\t\t\t<div class=\"elementor-element elementor-element-e42959b elementor-widget elementor-widget-heading\" data-id=\"e42959b\" data-element_type=\"widget\" data-widget_type=\"heading.default\">\n\t\t\t\t<div class=\"elementor-widget-container\">\n\t\t\t\t\t<h2 class=\"elementor-heading-title elementor-size-default\">Naftos gr\u0119\u017eimas<\/h2>\t\t\t\t<\/div>\n\t\t\t\t<\/div>\n\t\t\t\t<div class=\"elementor-element elementor-element-a42dd00 elementor-widget elementor-widget-text-editor\" data-id=\"a42dd00\" data-element_type=\"widget\" data-widget_type=\"text-editor.default\">\n\t\t\t\t<div class=\"elementor-widget-container\">\n\t\t\t\t\t\t\t\t\t<p>Sien\u0173 da\u017eai yra skirti geriau atsilaikyti prie\u0161 \u012fbr\u0117\u017eimus, \u012fbr\u0117\u017eimus ir prilipim\u0105. Taip pat sukurti atlaikyti valymus, pavyzd\u017eiui, pa\u0161alinti pomidor\u0173 pada\u017eo d\u0117m\u0117s \u012frodymus, tod\u0117l da\u017eniausiai naudojami dang\u0173 sluoksniuose.<\/p>\t\t\t\t\t\t\t\t<\/div>\n\t\t\t\t<\/div>\n\t\t\t\t\t<\/div>\n\t\t<\/div>\n\t\t\t\t<div class=\"elementor-column elementor-col-50 elementor-top-column elementor-element elementor-element-c4be8bc\" data-id=\"c4be8bc\" data-element_type=\"column\">\n\t\t\t<div class=\"elementor-widget-wrap elementor-element-populated\">\n\t\t\t\t\t\t<div class=\"elementor-element elementor-element-ff37682 elementor-widget elementor-widget-image\" data-id=\"ff37682\" data-element_type=\"widget\" data-widget_type=\"image.default\">\n\t\t\t\t<div class=\"elementor-widget-container\">\n\t\t\t\t\t\t\t\t\t\t\t\t\t\t\t<img fetchpriority=\"high\" decoding=\"async\" width=\"868\" height=\"344\" src=\"https:\/\/hpmc.ae\/wp-content\/uploads\/2021\/06\/Oil-Drilling.jpg\" class=\"attachment-full size-full wp-image-1233\" alt=\"\" srcset=\"https:\/\/hpmc.ae\/wp-content\/uploads\/2021\/06\/Oil-Drilling.jpg 868w, https:\/\/hpmc.ae\/wp-content\/uploads\/2021\/06\/Oil-Drilling-300x119.jpg 300w, https:\/\/hpmc.ae\/wp-content\/uploads\/2021\/06\/Oil-Drilling-768x304.jpg 768w\" sizes=\"(max-width: 868px) 100vw, 868px\" \/>\t\t\t\t\t\t\t\t\t\t\t\t\t\t\t<\/div>\n\t\t\t\t<\/div>\n\t\t\t\t\t<\/div>\n\t\t<\/div>\n\t\t\t\t\t<\/div>\n\t\t<\/section>\n\t\t\t\t<section class=\"elementor-section elementor-top-section elementor-element elementor-element-6289fuc elementor-section-boxed elementor-section-height-default elementor-section-height-default\" data-id=\"6289fuc\" data-element_type=\"section\">\n\t\t\t\t\t\t<div class=\"elementor-container elementor-column-gap-no\">\n\t\t\t\t\t<div class=\"elementor-column elementor-col-100 elementor-top-column elementor-element elementor-element-ef71edf\" data-id=\"ef71edf\" data-element_type=\"column\">\n\t\t\t<div class=\"elementor-widget-wrap elementor-element-populated\">\n\t\t\t\t\t\t<div class=\"elementor-element elementor-element-c75db0c elementor-widget elementor-widget-heading\" data-id=\"c75db0c\" data-element_type=\"widget\" data-widget_type=\"heading.default\">\n\t\t\t\t<div class=\"elementor-widget-container\">\n\t\t\t\t\t<h2 class=\"elementor-heading-title elementor-size-default\">Kod\u0117l MEIKAI EgaCel\u2122<\/h2>\t\t\t\t<\/div>\n\t\t\t\t<\/div>\n\t\t\t\t<div class=\"elementor-element elementor-element-cf5e43c elementor-widget-divider--view-line elementor-widget elementor-widget-divider\" data-id=\"cf5e43c\" data-element_type=\"widget\" data-widget_type=\"divider.default\">\n\t\t\t\t<div class=\"elementor-widget-container\">\n\t\t\t\t\t\t\t<div class=\"elementor-divider\">\n\t\t\t<span class=\"elementor-divider-separator\">\n\t\t\t\t\t\t<\/span>\n\t\t<\/div>\n\t\t\t\t\t\t<\/div>\n\t\t\t\t<\/div>\n\t\t\t\t<div class=\"elementor-element elementor-element-da461da elementor-widget elementor-widget-heading\" data-id=\"da461da\" data-element_type=\"widget\" data-widget_type=\"heading.default\">\n\t\t\t\t<div class=\"elementor-widget-container\">\n\t\t\t\t\t<h5 class=\"elementor-heading-title elementor-size-default\">MEIKAI EgaCel\u2122 pasi\u017eymi puikiomis suspendavimo savyb\u0117mis ir pla\u010diomis suderinamumo galimyb\u0117mis, kurios gali b\u016bti suderintos su pla\u010diu spalvot\u0173 pigment\u0173, emulsij\u0173, pavir\u0161iaus aktyvi\u0173j\u0173 med\u017eiag\u0173, emulsikli\u0173, putojimo ma\u017einimo priemoni\u0173 ir konservant\u0173 asortimentu.\n\n<\/h5>\t\t\t\t<\/div>\n\t\t\t\t<\/div>\n\t\t\t\t\t<\/div>\n\t\t<\/div>\n\t\t\t\t\t<\/div>\n\t\t<\/section>\n\t\t\t\t<section class=\"elementor-section elementor-top-section elementor-element elementor-element-633df6e elementor-section-boxed elementor-section-height-default elementor-section-height-default\" data-id=\"633df6e\" data-element_type=\"section\">\n\t\t\t\t\t\t<div class=\"elementor-container elementor-column-gap-default\">\n\t\t\t\t\t<div class=\"elementor-column elementor-col-50 elementor-top-column elementor-element elementor-element-7c87dc9\" data-id=\"7c87dc9\" data-element_type=\"column\">\n\t\t\t<div class=\"elementor-widget-wrap elementor-element-populated\">\n\t\t\t\t\t\t<div class=\"elementor-element elementor-element-281460b elementor-widget elementor-widget-text-editor\" data-id=\"281460b\" data-element_type=\"widget\" data-widget_type=\"text-editor.default\">\n\t\t\t\t<div class=\"elementor-widget-container\">\n\t\t\t\t\t\t\t\t\t<ul><li>Suteikia ger\u0105 mobilum\u0105 ir stabilum\u0105 skystam cementui<\/li><li>Padidina sm\u0117lio perne\u0161imo galimybes skystyje<\/li><li>Sustabdo vandens patekim\u0105 \u012f alyvos rezervuar\u0105 i\u0161 skysto cemento<\/li><li>Pagerina stabilizavimo galimybes sienos rezervuare<\/li><\/ul>\t\t\t\t\t\t\t\t<\/div>\n\t\t\t\t<\/div>\n\t\t\t\t\t<\/div>\n\t\t<\/div>\n\t\t\t\t<div class=\"elementor-column elementor-col-50 elementor-top-column elementor-element elementor-element-0f8aa62\" data-id=\"0f8aa62\" data-element_type=\"column\">\n\t\t\t<div class=\"elementor-widget-wrap\">\n\t\t\t\t\t\t\t<\/div>\n\t\t<\/div>\n\t\t\t\t\t<\/div>\n\t\t<\/section>\n\t\t\t\t<\/div>","protected":false},"excerpt":{"rendered":"<p>Naftos gr\u0119\u017eimo sien\u0173 da\u017eai yra skirti geresniam atsparumui \u012fbr\u0117\u017eimams, \u012flenkimams ir prilipimui. Jie taip pat sukurti atlaikyti valymus, pavyzd\u017eiui, pa\u0161alinti pomidor\u0173 pada\u017eo d\u0117m\u0117s \u012frodymus, tod\u0117l da\u017eniausiai naudojami dang\u0173 sluoksniuose. Kod\u0117l MEIKAI EgaCel\u2122 MEIKAI EgaCel\u2122 si\u016blo puik\u0173 suspendavimo savyb\u0119 su pla\u010diomis suderinamumo galimyb\u0117mis, kurios gali b\u016bti [\u2026]<\/p>","protected":false},"author":1,"featured_media":0,"parent":5396,"menu_order":0,"comment_status":"closed","ping_status":"closed","template":"","meta":{"footnotes":""},"class_list":["post-1594","page","type-page","status-publish","hentry"],"_links":{"self":[{"href":"https:\/\/hpmc.ae\/lt\/wp-json\/wp\/v2\/pages\/1594","targetHints":{"allow":["GET"]}}],"collection":[{"href":"https:\/\/hpmc.ae\/lt\/wp-json\/wp\/v2\/pages"}],"about":[{"href":"https:\/\/hpmc.ae\/lt\/wp-json\/wp\/v2\/types\/page"}],"author":[{"embeddable":true,"href":"https:\/\/hpmc.ae\/lt\/wp-json\/wp\/v2\/users\/1"}],"replies":[{"embeddable":true,"href":"https:\/\/hpmc.ae\/lt\/wp-json\/wp\/v2\/comments?post=1594"}],"version-history":[{"count":10,"href":"https:\/\/hpmc.ae\/lt\/wp-json\/wp\/v2\/pages\/1594\/revisions"}],"predecessor-version":[{"id":1611,"href":"https:\/\/hpmc.ae\/lt\/wp-json\/wp\/v2\/pages\/1594\/revisions\/1611"}],"up":[{"embeddable":true,"href":"https:\/\/hpmc.ae\/lt\/wp-json\/wp\/v2\/pages\/5396"}],"wp:attachment":[{"href":"https:\/\/hpmc.ae\/lt\/wp-json\/wp\/v2\/media?parent=1594"}],"curies":[{"name":"wp","href":"https:\/\/api.w.org\/{rel}","templated":true}]}}