{"id":5031,"date":"2025-11-25T06:01:39","date_gmt":"2025-11-25T06:01:39","guid":{"rendered":"https:\/\/hpmc.ae\/?page_id=5031"},"modified":"2025-12-22T03:08:41","modified_gmt":"2025-12-22T03:08:41","slug":"tile-adhesive-performance-with-hpmc","status":"publish","type":"page","link":"https:\/\/hpmc.ae\/lt\/industrial-applications\/drymix-mortar\/tile-adhesive-performance-with-hpmc\/","title":{"rendered":"hpmc plyteli\u0173 klijams"},"content":{"rendered":"<div class=\"tile-adhesive-page\">\n<div class=\"content-container\">\n        <!-- Header Section --><\/p>\n<div class=\"page-header\">\n<h1 class=\"main-title\">Plyteli\u0173 klijai \u2013 stipri plyteli\u0173 sujungimo med\u017eiaga<\/h1>\n<p class=\"main-subtitle\">Pa\u017eang\u016bs cemento pagrindo sprendimai profesionaliai plyteli\u0173 \u012frengimui<\/p>\n<\/p><\/div>\n<p>        <!-- What is Tile Adhesive Section --><\/p>\n<div class=\"intro-section\">\n<div class=\"intro-content\">\n<div class=\"intro-text\">\n<h2 class=\"section-title\">Kas yra plyteli\u0173 klijai?<\/h2>\n<p class=\"intro-description\">Plyteli\u0173 klijai, dar vadinami plyteli\u0173 junginiu, yra specialiai paruo\u0161ta mi\u0161inys, pagamintas i\u0161 cemento, sm\u0117lio, kalkakmenio ir veiksmingum\u0105 didinan\u010di\u0173 pried\u0173. Jie pla\u010diai naudojami keramini\u0173, porceliano ar akmenini\u0173 plyteli\u0173 tvirtinimui prie \u012fvairi\u0173 pavir\u0161i\u0173, toki\u0173 kaip cementas, betonas ar gipso plok\u0161t\u0117s.<\/p>\n<div class=\"highlight-box\">\n<div class=\"highlight-icon\">\n                            <svg width=\"24\" height=\"24\" viewbox=\"0 0 24 24\" fill=\"none\">\n                                <path d=\"M12 2L15.09 8.26L22 9.27L17 14.14L18.18 21.02L12 17.77L5.82 21.02L7 14.14L2 9.27L8.91 8.26L12 2Z\" fill=\"currentColor\"><\/path>\n                            <\/svg>\n                        <\/div>\n<p><strong>Skirtingai nuo tradicin\u0117s sm\u0117lio-cemento skiedinio, \u0161iuolaikiniai cemento pagrindo plyteli\u0173 klijai si\u016blo geresn\u012f sukibimo stiprum\u0105, darbo patogum\u0105 ir ilgaam\u017ei\u0161kum\u0105.<\/strong> Tai daugiausia lemia celiulioz\u0117s eterio (HPMC) ir polimer\u0173 (RDP) \u012ftraukimas, kurie \u017eymiai pagerina veikim\u0105.<\/p>\n<\/p><\/div>\n<\/p><\/div>\n<div class=\"intro-image\">\n                    <img height=\"534\" width=\"800\" decoding=\"async\" src=\"https:\/\/hpmc.ae\/wp-content\/uploads\/2025\/09\/installing-ceramic-tiles-on-the-wall-in-kitchen-2024-12-08-02-45-42-utc.jpg\" alt=\"Plyteli\u0173 klij\u0173 naudojimas\"><\/p>\n<div class=\"image-caption\">Profesionalus plyteli\u0173 \u012frengimo procesas<\/div>\n<\/p><\/div>\n<\/p><\/div>\n<\/p><\/div>\n<p>        <!-- Classification Section --><\/p>\n<div class=\"classification-section\">\n<h2 class=\"section-title center-title\">Plyteli\u0173 klijavimo klasifikacija \u2013 C1 prie\u0161 C2<\/h2>\n<p class=\"classification-intro\">Plyteli\u0173 klijai skirstomi \u012f kategorijas pagal Europos standartus (EN 12004):<\/p>\n<div class=\"classification-grid\">\n<div class=\"classification-card c1-card\">\n<div class=\"card-header\">\n<div class=\"class-badge c1-badge\">C1<\/div>\n<h3 class=\"class-title\">Standartin\u0117 klas\u0117<\/h3>\n<\/p><\/div>\n<div class=\"class-features\">\n<div class=\"feature-item\">\n<div class=\"feature-icon\">\n<div class=\"icon-wrapper size-icon\"><\/div>\n<\/p><\/div>\n<div class=\"feature-text\">\n<h4>Plyteli\u0173 dydis<\/h4>\n<p>Up to 30 \u00d7 30 cm \/ 12\u2033 \u00d7 12\u2033<\/p>\n<\/p><\/div>\n<\/p><\/div>\n<div class=\"feature-item\">\n<div class=\"feature-icon\">\n<div class=\"icon-wrapper location-icon\"><\/div>\n<\/p><\/div>\n<div class=\"feature-text\">\n<h4>Paskirtis<\/h4>\n<p>Sien\u0173 ir grind\u0173 klijavimas bendrosioms vidaus taikymo sritims<\/p>\n<\/p><\/div>\n<\/p><\/div>\n<div class=\"feature-item\">\n<div class=\"feature-icon\">\n<div class=\"icon-wrapper strength-icon\"><\/div>\n<\/p><\/div>\n<div class=\"feature-text\">\n<h4>Veiksmingumas<\/h4>\n<p>Pakankamas sukibimas vidutinio dyd\u017eio plytel\u0117ms<\/p>\n<\/p><\/div>\n<\/p><\/div>\n<\/p><\/div>\n<\/p><\/div>\n<div class=\"classification-card c2-card\">\n<div class=\"card-header\">\n<div class=\"class-badge c2-badge\">C2<\/div>\n<h3 class=\"class-title\">Pagerinta klas\u0117<\/h3>\n<\/p><\/div>\n<div class=\"class-features\">\n<div class=\"feature-item\">\n<div class=\"feature-icon\">\n<div class=\"icon-wrapper size-icon\"><\/div>\n<\/p><\/div>\n<div class=\"feature-text\">\n<h4>Plyteli\u0173 dydis<\/h4>\n<p>Up to 60 \u00d7 60 cm \/ 24\u2033 \u00d7 24\u2033<\/p>\n<\/p><\/div>\n<\/p><\/div>\n<div class=\"feature-item\">\n<div class=\"feature-icon\">\n<div class=\"icon-wrapper weather-icon\"><\/div>\n<\/p><\/div>\n<div class=\"feature-text\">\n<h4>Aplinkos apsauga<\/h4>\n<p>Atsparumas dr\u0117gmei, kar\u0161\u010diui, \u0161altai<\/p>\n<\/p><\/div>\n<\/p><\/div>\n<div class=\"feature-item\">\n<div class=\"feature-icon\">\n<div class=\"icon-wrapper durability-icon\"><\/div>\n<\/p><\/div>\n<div class=\"feature-text\">\n<h4>Veiksmingumas<\/h4>\n<p>Didesn\u0117 sukibimo j\u0117ga, lankstumas ir ilgaam\u017ei\u0161kumas<\/p>\n<\/p><\/div>\n<\/p><\/div>\n<\/p><\/div>\n<\/p><\/div>\n<\/p><\/div>\n<\/p><\/div>\n<p>        <!-- Additives Section --><\/p>\n<div class=\"additives-section\">\n<div class=\"additives-content\">\n<div class=\"additives-text\">\n<h2 class=\"section-title\">Kod\u0117l priedai yra b\u016btini plyteli\u0173 klijams<\/h2>\n<p class=\"additives-description\">Veiksmingumo priedai, tokie kaip HPMC (hidroksipropilmetilceliulioz\u0117) ir RDP (perdirbama polimerin\u0117 milteliai), paver\u010dia cementinius klijus \u012f auk\u0161tos kokyb\u0117s statybos med\u017eiagas.<\/p>\n<div class=\"additives-types\">\n<div class=\"additive-type hpmc-type\">\n<div class=\"additive-header\">\n<div class=\"additive-icon hpmc-icon\">\n<div class=\"molecule-structure\"><\/div>\n<\/p><\/div>\n<h3>HPMC plyteli\u0173 klijose<\/h3>\n<\/p><\/div>\n<ul class=\"additive-benefits\">\n<li>U\u017etikrina puik\u0173 vandens i\u0161laikym\u0105, u\u017etikrinant piln\u0105 cemento hidratacij\u0105<\/li>\n<li>Pagerina darbo eig\u0105 ir nuoseklum\u0105, palengvindama taikym\u0105<\/li>\n<li>Prat\u0119sia atvir\u0105 laik\u0105, leid\u017eiant\u012f koreguoti plyteles montavimo metu<\/li>\n<li>Pagerina slydimo atsparum\u0105, ypa\u010d vertikalioms taikymo sritims<\/li>\n<\/ul><\/div>\n<div class=\"additive-type rdp-type\">\n<div class=\"additive-header\">\n<div class=\"additive-icon rdp-icon\">\n<div class=\"polymer-chain\"><\/div>\n<\/p><\/div>\n<h3>RDP plyteli\u0173 klijais<\/h3>\n<\/p><\/div>\n<ul class=\"additive-benefits\">\n<li>Padidina sukibimo stiprum\u0105<\/li>\n<li>Pagerina lankstum\u0105 ir sm\u016bgi\u0173 atsparum\u0105<\/li>\n<li>Padidina patvarum\u0105 esant temperat\u016bros svyravimams<\/li>\n<\/ul><\/div>\n<\/p><\/div>\n<\/p><\/div>\n<div class=\"additives-images\">\n<div class=\"additives-image\">\n                        <img loading=\"lazy\" height=\"533\" width=\"800\" decoding=\"async\" src=\"https:\/\/hpmc.ae\/wp-content\/uploads\/2025\/09\/LANDU-physicochemical-and-application-test.jpg\" alt=\"LANDU laboratoriniai tyrimai\"><\/p>\n<div class=\"image-caption\">Pa\u017eang\u016bs laboratoriniai tyrimai ir analiz\u0117s<\/div>\n<\/p><\/div>\n<div class=\"additives-image\">\n                        <img loading=\"lazy\" height=\"450\" width=\"800\" decoding=\"async\" src=\"https:\/\/hpmc.ae\/wp-content\/uploads\/2025\/09\/C0036.MP4_20250916_105021.964.jpg\" alt=\"Plyteli\u0173 klij\u0173 priedai\"><\/p>\n<div class=\"image-caption\">Pa\u017eangi pried\u0173 technologija<\/div>\n<\/p><\/div>\n<\/p><\/div>\n<\/p><\/div>\n<\/p><\/div>\n<p>        <!-- Applications Section --><\/p>\n<div class=\"applications-section\">\n<div class=\"applications-content\">\n<div class=\"applications-text\">\n<h2 class=\"section-title\">Plyteli\u0173 klij\u0173 taikymas<\/h2>\n<p class=\"applications-description\">Plyteli\u0173 klijai pla\u010diai naudojami:<\/p>\n<div class=\"applications-grid\">\n<div class=\"application-item\">\n<div class=\"app-icon interior-icon\"><\/div>\n<p>                            <span>Interjero sien\u0173 ir grind\u0173 klijavimas<\/span>\n                        <\/div>\n<div class=\"application-item\">\n<div class=\"app-icon exterior-icon\"><\/div>\n<p>                            <span>I\u0161orini\u0173 fasad\u0173 ir lauko trinkeli\u0173 klojimas<\/span>\n                        <\/div>\n<div class=\"application-item\">\n<div class=\"app-icon large-format-icon\"><\/div>\n<p>                            <span>Didelio formato plytel\u0117s, marmuras ir granito akmenys<\/span>\n                        <\/div>\n<div class=\"application-item\">\n<div class=\"app-icon wet-areas-icon\"><\/div>\n<p>                            <span>Vandeningos vietos: vonios, virtuv\u0117s, baseinai<\/span>\n                        <\/div>\n<div class=\"application-item\">\n<div class=\"app-icon heating-icon\"><\/div>\n<p>                            <span>\u0160ildomos grindys ir temperat\u016bros svyravim\u0173 zonos<\/span>\n                        <\/div>\n<\/p><\/div>\n<\/p><\/div>\n<div class=\"applications-images\">\n<div class=\"applications-image\">\n                        <img loading=\"lazy\" height=\"533\" width=\"800\" decoding=\"async\" src=\"https:\/\/hpmc.ae\/wp-content\/uploads\/2025\/09\/landu-sales-staff-in-meeting-room.jpg\" alt=\"LANDU profesionali komanda\"><\/p>\n<div class=\"image-caption\">Profesionali konsultacija ir palaikymas<\/div>\n<\/p><\/div>\n<div class=\"applications-image\">\n                        <img loading=\"lazy\" height=\"450\" width=\"800\" decoding=\"async\" src=\"https:\/\/hpmc.ae\/wp-content\/uploads\/2025\/09\/C0039.MP4_20250916_105145.417.jpg\" alt=\"Plyteli\u0173 klij\u0173 taikymas\"><\/p>\n<div class=\"image-caption\">Universal\u016bs taikymo scenarijai<\/div>\n<\/p><\/div>\n<\/p><\/div>\n<\/p><\/div>\n<\/p><\/div>\n<\/p><\/div>\n<\/div>\n<style>\n\/* Base Styles *\/<br \/>\n.tile-adhesive-page {<br \/>\n    background: linear-gradient(135deg, #f8fbff 0%, #ffffff 50%, #f0f8ff 100%);<br \/>\n    padding: 40px 0;<br \/>\n    font-family: 'Inter', -apple-system, BlinkMacSystemFont, sans-serif;<br \/>\n    color: #1e293b;<br \/>\n}<\/p>\n<p>.content-container {<br \/>\n    max-width: 1600px;<br \/>\n    margin: 0 auto;<br \/>\n    padding: 0 40px;<br \/>\n}<\/p>\n<p>\/* Header Section *\/<br \/>\n.page-header {<br \/>\n    text-align: center;<br \/>\n    margin-bottom: 60px;<br \/>\n    padding: 40px 0;<br \/>\n}<\/p>\n<p>.main-title {<br \/>\n    font-size: 3.2rem;<br \/>\n    font-weight: 800;<br \/>\n    color: #0f1419;<br \/>\n    margin: 0 0 16px 0;<br \/>\n    line-height: 1.1;<br \/>\n    letter-spacing: -0.02em;<br \/>\n    background: linear-gradient(135deg, #0f1419 0%, #1e293b 50%, #3b82f6 100%);<br \/>\n    background-clip: text;<br \/>\n    -webkit-background-clip: text;<br \/>\n    -webkit-text-fill-color: transparent;<br \/>\n}<\/p>\n<p>.main-subtitle {<br \/>\n    font-size: 1.3rem;<br \/>\n    color: #64748b;<br \/>\n    font-weight: 500;<br \/>\n    line-height: 1.6;<br \/>\n    margin: 0;<br \/>\n}<\/p>\n<p>\/* Section Title *\/<br \/>\n.section-title {<br \/>\n    font-size: 2rem;<br \/>\n    font-weight: 700;<br \/>\n    color: #1e293b;<br \/>\n    margin-bottom: 24px;<br \/>\n    letter-spacing: -0.01em;<br \/>\n    position: relative;<br \/>\n    padding-bottom: 12px;<br \/>\n}<\/p>\n<p>.section-title::after {<br \/>\n    content: '';<br \/>\n    position: absolute;<br \/>\n    bottom: 0;<br \/>\n    left: 0;<br \/>\n    width: 60px;<br \/>\n    height: 4px;<br \/>\n    background: linear-gradient(45deg, #3b82f6, #0ea5e9);<br \/>\n    border-radius: 2px;<br \/>\n}<\/p>\n<p>.center-title {<br \/>\n    text-align: center;<br \/>\n}<\/p>\n<p>.center-title::after {<br \/>\n    left: 50%;<br \/>\n    transform: translateX(-50%);<br \/>\n}<\/p>\n<p>\/* Intro Section *\/<br \/>\n.intro-section {<br \/>\n    margin-bottom: 80px;<br \/>\n}<\/p>\n<p>.intro-content {<br \/>\n    display: grid;<br \/>\n    grid-template-columns: 1fr 1fr;<br \/>\n    gap: 50px;<br \/>\n    align-items: stretch;<br \/>\n    background: white;<br \/>\n    padding: 50px;<br \/>\n    border-radius: 24px;<br \/>\n    box-shadow: 0 4px 20px rgba(0, 0, 0, 0.08);<br \/>\n    border: 1px solid #e2e8f0;<br \/>\n}<\/p>\n<p>.intro-text {<br \/>\n    display: flex;<br \/>\n    flex-direction: column;<br \/>\n    justify-content: space-between;<br \/>\n}<\/p>\n<p>.intro-description {<br \/>\n    font-size: 1.05rem;<br \/>\n    line-height: 1.8;<br \/>\n    color: #475569;<br \/>\n    margin-bottom: 24px;<br \/>\n}<\/p>\n<p>.highlight-box {<br \/>\n    background: linear-gradient(135deg, rgba(59, 130, 246, 0.05), rgba(14, 165, 233, 0.05));<br \/>\n    padding: 24px;<br \/>\n    border-radius: 16px;<br \/>\n    border-left: 4px solid #3b82f6;<br \/>\n    position: relative;<br \/>\n    box-shadow: 0 2px 10px rgba(59, 130, 246, 0.08);<br \/>\n    margin-top: auto;<br \/>\n}<\/p>\n<p>.highlight-icon {<br \/>\n    position: absolute;<br \/>\n    top: -12px;<br \/>\n    right: 20px;<br \/>\n    width: 36px;<br \/>\n    height: 36px;<br \/>\n    background: linear-gradient(135deg, #3b82f6, #0ea5e9);<br \/>\n    border-radius: 50%;<br \/>\n    display: flex;<br \/>\n    align-items: center;<br \/>\n    justify-content: center;<br \/>\n    color: white;<br \/>\n    box-shadow: 0 4px 15px rgba(59, 130, 246, 0.3);<br \/>\n}<\/p>\n<p>.highlight-box p {<br \/>\n    font-size: 1rem;<br \/>\n    line-height: 1.7;<br \/>\n    color: #1e293b;<br \/>\n    margin: 0;<br \/>\n}<\/p>\n<p>.intro-image {<br \/>\n    position: relative;<br \/>\n    overflow: hidden;<br \/>\n    border-radius: 20px;<br \/>\n    box-shadow: 0 12px 30px rgba(0, 0, 0, 0.15);<br \/>\n    transition: all 0.3s ease;<br \/>\n    display: flex;<br \/>\n    align-items: center;<br \/>\n    justify-content: center;<br \/>\n}<\/p>\n<p>.intro-image:hover {<br \/>\n    transform: translateY(-5px);<br \/>\n    box-shadow: 0 16px 40px rgba(0, 0, 0, 0.2);<br \/>\n}<\/p>\n<p>.intro-image img {<br \/>\n    width: 100%;<br \/>\n    height: 100%;<br \/>\n    min-height: 400px;<br \/>\n    object-fit: cover;<br \/>\n    object-position: center center;<br \/>\n    transition: transform 0.3s ease;<br \/>\n}<\/p>\n<p>.intro-image:hover img {<br \/>\n    transform: scale(1.05);<br \/>\n}<\/p>\n<p>.image-caption {<br \/>\n    position: absolute;<br \/>\n    bottom: 0;<br \/>\n    left: 0;<br \/>\n    right: 0;<br \/>\n    background: linear-gradient(transparent, rgba(30, 41, 59, 0.95));<br \/>\n    color: white;<br \/>\n    padding: 20px;<br \/>\n    font-weight: 600;<br \/>\n    font-size: 0.95rem;<br \/>\n    text-align: center;<br \/>\n}<\/p>\n<p>\/* Classification Section *\/<br \/>\n.classification-section {<br \/>\n    margin-bottom: 80px;<br \/>\n}<\/p>\n<p>.classification-intro {<br \/>\n    text-align: center;<br \/>\n    font-size: 1.1rem;<br \/>\n    color: #64748b;<br \/>\n    margin-bottom: 40px;<br \/>\n    font-weight: 500;<br \/>\n}<\/p>\n<p>.classification-grid {<br \/>\n    display: grid;<br \/>\n    grid-template-columns: repeat(2, 1fr);<br \/>\n    gap: 40px;<br \/>\n}<\/p>\n<p>.classification-card {<br \/>\n    background: white;<br \/>\n    border-radius: 24px;<br \/>\n    padding: 40px;<br \/>\n    box-shadow: 0 4px 20px rgba(0, 0, 0, 0.08);<br \/>\n    border: 2px solid transparent;<br \/>\n    transition: all 0.3s ease;<br \/>\n    position: relative;<br \/>\n    overflow: hidden;<br \/>\n}<\/p>\n<p>.classification-card::before {<br \/>\n    content: '';<br \/>\n    position: absolute;<br \/>\n    top: 0;<br \/>\n    left: 0;<br \/>\n    right: 0;<br \/>\n    height: 6px;<br \/>\n    background: linear-gradient(90deg, transparent, currentColor, transparent);<br \/>\n    opacity: 0;<br \/>\n    transition: opacity 0.3s ease;<br \/>\n}<\/p>\n<p>.c1-card {<br \/>\n    color: #3b82f6;<br \/>\n}<\/p>\n<p>.c2-card {<br \/>\n    color: #10b981;<br \/>\n}<\/p>\n<p>.classification-card:hover {<br \/>\n    transform: translateY(-5px);<br \/>\n    box-shadow: 0 12px 35px rgba(0, 0, 0, 0.12);<br \/>\n    border-color: currentColor;<br \/>\n}<\/p>\n<p>.classification-card:hover::before {<br \/>\n    opacity: 1;<br \/>\n}<\/p>\n<p>.card-header {<br \/>\n    display: flex;<br \/>\n    align-items: center;<br \/>\n    gap: 16px;<br \/>\n    margin-bottom: 30px;<br \/>\n    padding-bottom: 20px;<br \/>\n    border-bottom: 2px solid #f1f5f9;<br \/>\n}<\/p>\n<p>.class-badge {<br \/>\n    width: 60px;<br \/>\n    height: 60px;<br \/>\n    border-radius: 50%;<br \/>\n    display: flex;<br \/>\n    align-items: center;<br \/>\n    justify-content: center;<br \/>\n    font-size: 1.5rem;<br \/>\n    font-weight: 800;<br \/>\n    color: white;<br \/>\n    box-shadow: 0 4px 15px rgba(0, 0, 0, 0.15);<br \/>\n    flex-shrink: 0;<br \/>\n}<\/p>\n<p>.c1-badge {<br \/>\n    background: linear-gradient(135deg, #3b82f6, #1d4ed8);<br \/>\n}<\/p>\n<p>.c2-badge {<br \/>\n    background: linear-gradient(135deg, #10b981, #059669);<br \/>\n}<\/p>\n<p>.class-title {<br \/>\n    font-size: 1.5rem;<br \/>\n    font-weight: 700;<br \/>\n    color: #1e293b;<br \/>\n    margin: 0;<br \/>\n}<\/p>\n<p>.class-features {<br \/>\n    display: flex;<br \/>\n    flex-direction: column;<br \/>\n    gap: 24px;<br \/>\n}<\/p>\n<p>.feature-item {<br \/>\n    display: flex;<br \/>\n    align-items: flex-start;<br \/>\n    gap: 16px;<br \/>\n    padding: 16px;<br \/>\n    background: linear-gradient(135deg, #f8fafc, #f1f5f9);<br \/>\n    border-radius: 12px;<br \/>\n    transition: all 0.3s ease;<br \/>\n}<\/p>\n<p>.feature-item:hover {<br \/>\n    background: linear-gradient(135deg, #f1f5f9, #e2e8f0);<br \/>\n    transform: translateX(5px);<br \/>\n}<\/p>\n<p>.feature-icon {<br \/>\n    flex-shrink: 0;<br \/>\n}<\/p>\n<p>.icon-wrapper {<br \/>\n    width: 48px;<br \/>\n    height: 48px;<br \/>\n    border-radius: 12px;<br \/>\n    display: flex;<br \/>\n    align-items: center;<br \/>\n    justify-content: center;<br \/>\n    position: relative;<br \/>\n}<\/p>\n<p>.c1-card .icon-wrapper {<br \/>\n    background: linear-gradient(135deg, rgba(59, 130, 246, 0.1), rgba(29, 78, 216, 0.1));<br \/>\n}<\/p>\n<p>.c2-card .icon-wrapper {<br \/>\n    background: linear-gradient(135deg, rgba(16, 185, 129, 0.1), rgba(5, 150, 105, 0.1));<br \/>\n}<\/p>\n<p>\/* Icon Styles *\/<br \/>\n.tile-small {<br \/>\n    width: 20px;<br \/>\n    height: 20px;<br \/>\n    background: linear-gradient(135deg, #3b82f6, #1d4ed8);<br \/>\n    border-radius: 3px;<br \/>\n}<\/p>\n<p>.tile-large {<br \/>\n    width: 28px;<br \/>\n    height: 28px;<br \/>\n    background: linear-gradient(135deg, #10b981, #059669);<br \/>\n    border-radius: 3px;<br \/>\n}<\/p>\n<p>.indoor-symbol {<br \/>\n    width: 24px;<br \/>\n    height: 24px;<br \/>\n    border: 3px solid #3b82f6;<br \/>\n    border-radius: 4px;<br \/>\n    position: relative;<br \/>\n}<\/p>\n<p>.indoor-symbol::before {<br \/>\n    content: '';<br \/>\n    position: absolute;<br \/>\n    top: 50%;<br \/>\n    left: 50%;<br \/>\n    transform: translate(-50%, -50%);<br \/>\n    width: 12px;<br \/>\n    height: 12px;<br \/>\n    background: #3b82f6;<br \/>\n    border-radius: 2px;<br \/>\n}<\/p>\n<p>.bond-bars {<br \/>\n    width: 24px;<br \/>\n    height: 24px;<br \/>\n    display: flex;<br \/>\n    gap: 3px;<br \/>\n    align-items: flex-end;<br \/>\n}<\/p>\n<p>.bond-bars::before,<br \/>\n.bond-bars::after {<br \/>\n    content: '';<br \/>\n    width: 6px;<br \/>\n    background: #3b82f6;<br \/>\n    border-radius: 2px;<br \/>\n}<\/p>\n<p>.bond-bars::before {<br \/>\n    height: 16px;<br \/>\n}<\/p>\n<p>.bond-bars::after {<br \/>\n    height: 24px;<br \/>\n}<\/p>\n<p>.weather-symbol {<br \/>\n    width: 24px;<br \/>\n    height: 24px;<br \/>\n    position: relative;<br \/>\n}<\/p>\n<p>.weather-symbol::before {<br \/>\n    content: '';<br \/>\n    position: absolute;<br \/>\n    top: 0;<br \/>\n    left: 0;<br \/>\n    width: 16px;<br \/>\n    height: 16px;<br \/>\n    border: 3px solid #10b981;<br \/>\n    border-radius: 50%;<br \/>\n}<\/p>\n<p>.weather-symbol::after {<br \/>\n    content: '';<br \/>\n    position: absolute;<br \/>\n    bottom: 0;<br \/>\n    right: 0;<br \/>\n    width: 0;<br \/>\n    height: 0;<br \/>\n    border-left: 8px solid transparent;<br \/>\n    border-right: 8px solid transparent;<br \/>\n    border-top: 12px solid #10b981;<br \/>\n}<\/p>\n<p>.durability-shield {<br \/>\n    width: 24px;<br \/>\n    height: 28px;<br \/>\n    background: linear-gradient(135deg, #10b981, #059669);<br \/>\n    clip-path: polygon(50% 0%, 100% 25%, 100% 75%, 50% 100%, 0% 75%, 0% 25%);<br \/>\n}<\/p>\n<p>.feature-text h4 {<br \/>\n    font-size: 1rem;<br \/>\n    font-weight: 700;<br \/>\n    color: #1e293b;<br \/>\n    margin: 0 0 6px 0;<br \/>\n}<\/p>\n<p>.feature-text p {<br \/>\n    font-size: 0.9rem;<br \/>\n    color: #64748b;<br \/>\n    margin: 0;<br \/>\n    line-height: 1.5;<br \/>\n}<\/p>\n<p>\/* Additives Section *\/<br \/>\n.additives-section {<br \/>\n    margin-bottom: 80px;<br \/>\n}<\/p>\n<p>.additives-content {<br \/>\n    display: grid;<br \/>\n    grid-template-columns: 1fr 1fr;<br \/>\n    gap: 50px;<br \/>\n    align-items: stretch;<br \/>\n}<\/p>\n<p>.additives-text {<br \/>\n    display: flex;<br \/>\n    flex-direction: column;<br \/>\n}<\/p>\n<p>.additives-description {<br \/>\n    font-size: 1.05rem;<br \/>\n    line-height: 1.8;<br \/>\n    color: #475569;<br \/>\n    margin-bottom: 32px;<br \/>\n}<\/p>\n<p>.additives-types {<br \/>\n    display: flex;<br \/>\n    flex-direction: column;<br \/>\n    gap: 24px;<br \/>\n    margin-top: auto;<br \/>\n}<\/p>\n<p>.additive-type {<br \/>\n    background: white;<br \/>\n    padding: 28px;<br \/>\n    border-radius: 16px;<br \/>\n    box-shadow: 0 4px 15px rgba(0, 0, 0, 0.06);<br \/>\n    border: 1px solid #e2e8f0;<br \/>\n    transition: all 0.3s ease;<br \/>\n}<\/p>\n<p>.additive-type:hover {<br \/>\n    transform: translateY(-3px);<br \/>\n    box-shadow: 0 8px 25px rgba(0, 0, 0, 0.1);<br \/>\n}<\/p>\n<p>.hpmc-type {<br \/>\n    border-left: 4px solid #3b82f6;<br \/>\n}<\/p>\n<p>.rdp-type {<br \/>\n    border-left: 4px solid #8b5cf6;<br \/>\n}<\/p>\n<p>.additive-header {<br \/>\n    display: flex;<br \/>\n    align-items: center;<br \/>\n    gap: 16px;<br \/>\n    margin-bottom: 20px;<br \/>\n}<\/p>\n<p>.additive-icon {<br \/>\n    width: 48px;<br \/>\n    height: 48px;<br \/>\n    border-radius: 12px;<br \/>\n    display: flex;<br \/>\n    align-items: center;<br \/>\n    justify-content: center;<br \/>\n    flex-shrink: 0;<br \/>\n}<\/p>\n<p>.hpmc-icon {<br \/>\n    background: linear-gradient(135deg, rgba(59, 130, 246, 0.1), rgba(29, 78, 216, 0.1));<br \/>\n}<\/p>\n<p>.rdp-icon {<br \/>\n    background: linear-gradient(135deg, rgba(139, 92, 246, 0.1), rgba(124, 58, 237, 0.1));<br \/>\n}<\/p>\n<p>.molecule-structure {<br \/>\n    width: 28px;<br \/>\n    height: 20px;<br \/>\n    position: relative;<br \/>\n}<\/p>\n<p>.molecule-structure .atom {<br \/>\n    width: 8px;<br \/>\n    height: 8px;<br \/>\n    background: #3b82f6;<br \/>\n    border-radius: 50%;<br \/>\n    position: absolute;<br \/>\n}<\/p>\n<p>.molecule-structure .atom:nth-child(1) {<br \/>\n    left: 0;<br \/>\n    top: 0;<br \/>\n}<\/p>\n<p>.molecule-structure .atom:nth-child(2) {<br \/>\n    right: 0;<br \/>\n    top: 0;<br \/>\n}<\/p>\n<p>.molecule-structure .atom:nth-child(3) {<br \/>\n    left: 50%;<br \/>\n    bottom: 0;<br \/>\n    transform: translateX(-50%);<br \/>\n}<\/p>\n<p>.molecule-structure .bond {<br \/>\n    position: absolute;<br \/>\n    height: 2px;<br \/>\n    background: #3b82f6;<br \/>\n    width: 14px;<br \/>\n}<\/p>\n<p>.molecule-structure .bond:nth-child(4) {<br \/>\n    top: 4px;<br \/>\n    left: 4px;<br \/>\n    transform: rotate(30deg);<br \/>\n}<\/p>\n<p>.molecule-structure .bond:nth-child(5) {<br \/>\n    top: 4px;<br \/>\n    right: 4px;<br \/>\n    transform: rotate(-30deg);<br \/>\n}<\/p>\n<p>.polymer-chain {<br \/>\n    width: 32px;<br \/>\n    height: 20px;<br \/>\n    display: flex;<br \/>\n    justify-content: space-between;<br \/>\n    align-items: center;<br \/>\n}<\/p>\n<p>.polymer-unit {<br \/>\n    width: 8px;<br \/>\n    height: 8px;<br \/>\n    background: #8b5cf6;<br \/>\n    border-radius: 2px;<br \/>\n    animation: polymerPulse 2s ease-in-out infinite;<br \/>\n}<\/p>\n<p>.polymer-unit:nth-child(2) {<br \/>\n    animation-delay: 0.3s;<br \/>\n}<\/p>\n<p>.polymer-unit:nth-child(3) {<br \/>\n    animation-delay: 0.6s;<br \/>\n}<\/p>\n<p>@keyframes polymerPulse {<br \/>\n    0%, 100% {<br \/>\n        transform: scale(1);<br \/>\n    }<br \/>\n    50% {<br \/>\n        transform: scale(1.2);<br \/>\n    }<br \/>\n}<\/p>\n<p>.additive-header h3 {<br \/>\n    font-size: 1.15rem;<br \/>\n    font-weight: 700;<br \/>\n    color: #1e293b;<br \/>\n    margin: 0;<br \/>\n}<\/p>\n<p>.additive-benefits {<br \/>\n    list-style: none;<br \/>\n    padding: 0;<br \/>\n    margin: 0;<br \/>\n    display: flex;<br \/>\n    flex-direction: column;<br \/>\n    gap: 12px;<br \/>\n}<\/p>\n<p>.additive-benefits li {<br \/>\n    font-size: 0.95rem;<br \/>\n    color: #475569;<br \/>\n    padding-left: 24px;<br \/>\n    position: relative;<br \/>\n    line-height: 1.6;<br \/>\n}<\/p>\n<p>.additive-benefits li::before {<br \/>\n    content: '\u2713';<br \/>\n    position: absolute;<br \/>\n    left: 0;<br \/>\n    color: #10b981;<br \/>\n    font-weight: 700;<br \/>\n    font-size: 1.1rem;<br \/>\n}<\/p>\n<p>.additives-images {<br \/>\n    display: flex;<br \/>\n    flex-direction: column;<br \/>\n    gap: 24px;<br \/>\n    justify-content: center;<br \/>\n}<\/p>\n<p>.additives-image {<\/p>","protected":false},"excerpt":{"rendered":"<p>Plyteli\u0173 klijai \u2013 stipri sujungimo med\u017eiaga plytel\u0117ms Pa\u017eang\u016bs cemento pagrindo sprendimai profesionaliam plyteli\u0173 \u012frengimui Kas yra plyteli\u0173 klijai? Plyteli\u0173 klijai, dar vadinami plyteli\u0173 junginiu, yra specialiai paruo\u0161ta mi\u0161inys, pagamintas i\u0161 cemento, sm\u0117lio, kalkakmenio ir veikim\u0105 gerinan\u010di\u0173 pried\u0173. Jie pla\u010diai naudojami keramini\u0173, porceliano ar akmens plyteli\u0173 tvirtinimui prie \u012fvairi\u0173 pavir\u0161i\u0173, toki\u0173 kaip cementas, betonas, [\u2026]<\/p>","protected":false},"author":1,"featured_media":0,"parent":5387,"menu_order":0,"comment_status":"closed","ping_status":"closed","template":"elementor_header_footer","meta":{"footnotes":""},"class_list":["post-5031","page","type-page","status-publish","hentry"],"_links":{"self":[{"href":"https:\/\/hpmc.ae\/lt\/wp-json\/wp\/v2\/pages\/5031","targetHints":{"allow":["GET"]}}],"collection":[{"href":"https:\/\/hpmc.ae\/lt\/wp-json\/wp\/v2\/pages"}],"about":[{"href":"https:\/\/hpmc.ae\/lt\/wp-json\/wp\/v2\/types\/page"}],"author":[{"embeddable":true,"href":"https:\/\/hpmc.ae\/lt\/wp-json\/wp\/v2\/users\/1"}],"replies":[{"embeddable":true,"href":"https:\/\/hpmc.ae\/lt\/wp-json\/wp\/v2\/comments?post=5031"}],"version-history":[{"count":1,"href":"https:\/\/hpmc.ae\/lt\/wp-json\/wp\/v2\/pages\/5031\/revisions"}],"predecessor-version":[{"id":5032,"href":"https:\/\/hpmc.ae\/lt\/wp-json\/wp\/v2\/pages\/5031\/revisions\/5032"}],"up":[{"embeddable":true,"href":"https:\/\/hpmc.ae\/lt\/wp-json\/wp\/v2\/pages\/5387"}],"wp:attachment":[{"href":"https:\/\/hpmc.ae\/lt\/wp-json\/wp\/v2\/media?parent=5031"}],"curies":[{"name":"wp","href":"https:\/\/api.w.org\/{rel}","templated":true}]}}