{"id":5350,"date":"2025-12-08T06:38:01","date_gmt":"2025-12-08T06:38:01","guid":{"rendered":"https:\/\/hpmc.ae\/?page_id=5350"},"modified":"2025-12-08T06:38:01","modified_gmt":"2025-12-08T06:38:01","slug":"formulation-development","status":"publish","type":"page","link":"https:\/\/hpmc.ae\/lt\/service\/formulation-development\/","title":{"rendered":"Formulavimo k\u016brimas"},"content":{"rendered":"<div class=\"lemonx-visual-block\" data-block-id=\"4\">\n<div class=\"formulation-services-content\">\n<div class=\"content-container\">\n        <!-- Header Section --><\/p>\n<div class=\"content-header\">\n<h2 class=\"section-title\">Formul\u0117s k\u016brimo paslaugos<\/h2>\n<p class=\"section-subtitle\">LANDU's team of expert chemists and engineers specializes in tailoring formulations for various applications. With years of experience and cutting-edge technology, we are equipped to tackle your requirements.<\/p>\n<\/p><\/div>\n<p>        <!-- Main Services Grid --><\/p>\n<div class=\"services-overview\">\n<div class=\"services-badges\">\n<div class=\"service-badge-item\">\n<div class=\"badge-icon solution-icon\">\n                        <svg viewbox=\"0 0 50 50\" xmlns=\"http:\/\/www.w3.org\/2000\/svg\">\n                            <!-- \u5b9a\u5236\u526a\u88c1\u56fe\u6807 -->\n                            <path d=\"M10 15 L25 5 L40 15 L40 35 L25 45 L10 35 Z\" fill=\"none\" stroke=\"#40a3a3\" stroke-width=\"2\"><\/path>\n                            <circle cx=\"25\" cy=\"25\" r=\"8\" fill=\"#ffa500\"><\/circle>\n                            <line x1=\"25\" y1=\"17\" x2=\"25\" y2=\"10\" stroke=\"#2c5aa0\" stroke-width=\"2\"><\/line>\n                            <line x1=\"25\" y1=\"33\" x2=\"25\" y2=\"40\" stroke=\"#2c5aa0\" stroke-width=\"2\"><\/line>\n                            <line x1=\"17\" y1=\"25\" x2=\"10\" y2=\"25\" stroke=\"#2c5aa0\" stroke-width=\"2\"><\/line>\n                            <line x1=\"33\" y1=\"25\" x2=\"40\" y2=\"25\" stroke=\"#2c5aa0\" stroke-width=\"2\"><\/line>\n                        <\/svg>\n                    <\/div>\n<p>                    <span>Tailored Solution<\/span>\n                <\/div>\n<div class=\"service-badge-item\">\n<div class=\"badge-icon tech-icon\">\n                        <svg viewbox=\"0 0 50 50\" xmlns=\"http:\/\/www.w3.org\/2000\/svg\">\n                            <!-- \u82af\u7247\/\u79d1\u6280\u56fe\u6807 -->\n                            <rect x=\"10\" y=\"10\" width=\"30\" height=\"30\" rx=\"2\" fill=\"none\" stroke=\"#40a3a3\" stroke-width=\"2\"><\/rect>\n                            <rect x=\"18\" y=\"18\" width=\"14\" height=\"14\" fill=\"#ffa500\"><\/rect>\n                            <line x1=\"10\" y1=\"15\" x2=\"5\" y2=\"15\" stroke=\"#2c5aa0\" stroke-width=\"2\"><\/line>\n                            <line x1=\"10\" y1=\"25\" x2=\"5\" y2=\"25\" stroke=\"#2c5aa0\" stroke-width=\"2\"><\/line>\n                            <line x1=\"10\" y1=\"35\" x2=\"5\" y2=\"35\" stroke=\"#2c5aa0\" stroke-width=\"2\"><\/line>\n                            <line x1=\"40\" y1=\"15\" x2=\"45\" y2=\"15\" stroke=\"#2c5aa0\" stroke-width=\"2\"><\/line>\n                            <line x1=\"40\" y1=\"25\" x2=\"45\" y2=\"25\" stroke=\"#2c5aa0\" stroke-width=\"2\"><\/line>\n                            <line x1=\"40\" y1=\"35\" x2=\"45\" y2=\"35\" stroke=\"#2c5aa0\" stroke-width=\"2\"><\/line>\n                        <\/svg>\n                    <\/div>\n<p>                    <span>Pa\u017eangi Technologija<\/span>\n                <\/div>\n<div class=\"service-badge-item\">\n<div class=\"badge-icon quality-icon\">\n                        <svg viewbox=\"0 0 50 50\" xmlns=\"http:\/\/www.w3.org\/2000\/svg\">\n                            <!-- \u76fe\u724c+\u5bf9\u52fe\u56fe\u6807 -->\n                            <path d=\"M25 5 L40 12 L40 25 C40 35 25 45 25 45 C25 45 10 35 10 25 L10 12 Z\" fill=\"#40a3a3\"><\/path>\n                            <path d=\"M18 25 L22 30 L32 18\" fill=\"none\" stroke=\"#ffa500\" stroke-width=\"3\" stroke-linecap=\"round\" stroke-linejoin=\"round\"><\/path>\n                        <\/svg>\n                    <\/div>\n<p>                    <span>Kokyb\u0117s u\u017etikrinimas<\/span>\n                <\/div>\n<div class=\"service-badge-item\">\n<div class=\"badge-icon team-icon\">\n                        <svg viewbox=\"0 0 50 50\" xmlns=\"http:\/\/www.w3.org\/2000\/svg\">\n                            <!-- \u4e09\u4e2a\u4eba\u56fe\u6807 -->\n                            <circle cx=\"25\" cy=\"15\" r=\"5\" fill=\"#ffa500\"><\/circle>\n                            <path d=\"M25 22 C20 22 17 25 17 30 L33 30 C33 25 30 22 25 22 Z\" fill=\"#ffa500\"><\/path>\n                            <circle cx=\"13\" cy=\"18\" r=\"4\" fill=\"#40a3a3\"><\/circle>\n                            <path d=\"M13 24 C9 24 7 26 7 30 L19 30 C19 28 18 26 16 25\" fill=\"#40a3a3\"><\/path>\n                            <circle cx=\"37\" cy=\"18\" r=\"4\" fill=\"#40a3a3\"><\/circle>\n                            <path d=\"M37 24 C41 24 43 26 43 30 L31 30 C31 28 32 26 34 25\" fill=\"#40a3a3\"><\/path>\n                        <\/svg>\n                    <\/div>\n<p>                    <span>cURL Too many subrequests.<\/span>\n                <\/div>\n<div class=\"service-badge-item\">\n<div class=\"badge-icon labeling-icon\">\n                        <svg viewbox=\"0 0 50 50\" xmlns=\"http:\/\/www.w3.org\/2000\/svg\">\n                            <!-- \u6807\u7b7e\u56fe\u6807 -->\n                            <path d=\"M15 10 L35 10 L40 25 L35 40 L15 40 L10 25 Z\" fill=\"#40a3a3\"><\/path>\n                            <rect x=\"20\" y=\"20\" width=\"10\" height=\"10\" fill=\"#ffa500\"><\/rect>\n                            <line x1=\"22\" y1=\"23\" x2=\"28\" y2=\"23\" stroke=\"white\" stroke-width=\"1.5\"><\/line>\n                            <line x1=\"22\" y1=\"27\" x2=\"28\" y2=\"27\" stroke=\"white\" stroke-width=\"1.5\"><\/line>\n                        <\/svg>\n                    <\/div>\n<p>                    <span>Private Labeling<\/span>\n                <\/div>\n<\/p><\/div>\n<\/p><\/div>\n<p>        <!-- Laboratory Section with Team Image --><\/p>\n<div class=\"laboratory-section\">\n<div class=\"lab-content\">\n<div class=\"lab-image\">\n                    <img height=\"533\" width=\"800\" decoding=\"async\" src=\"https:\/\/hpmc.ae\/wp-content\/uploads\/2025\/09\/LANDU-application-test-team.jpg\" alt=\"LANDU Laboratory Application Test Team\"><\/p>\n<div class=\"image-caption\">Laboratory Application Test Team<\/div>\n<\/p><\/div>\n<div class=\"lab-text\">\n<h3 class=\"subsection-title\">LANDU Laboratory Excellence<\/h3>\n<p>Our state-of-the-art laboratory facilities are equipped with cutting-edge instrumentation and staffed by experienced professionals dedicated to delivering exceptional formulation development services.<\/p>\n<div class=\"lab-highlight\">\n<h4>Customization<\/h4>\n<p>Customized blends to suit your specific needs.<\/p>\n<\/p><\/div>\n<\/p><\/div>\n<\/p><\/div>\n<\/p><\/div>\n<p>        <!-- Core Capabilities Grid - Single Row --><\/p>\n<div class=\"capabilities-section\">\n<h3 class=\"subsection-title center-title\">Our Core Capabilities<\/h3>\n<div class=\"capabilities-row\">\n<div class=\"capability-card\">\n<div class=\"capability-icon quality-cap\">\n                        <svg viewbox=\"0 0 60 60\" xmlns=\"http:\/\/www.w3.org\/2000\/svg\">\n                            <!-- \u68c0\u6d4b\/\u6d4b\u8bd5\u7ba1\u56fe\u6807 -->\n                            <rect x=\"22\" y=\"15\" width=\"16\" height=\"35\" rx=\"2\" fill=\"none\" stroke=\"#40a3a3\" stroke-width=\"2\"><\/rect>\n                            <rect x=\"22\" y=\"35\" width=\"16\" height=\"15\" fill=\"#ffa500\" opacity=\"0.7\"><\/rect>\n                            <line x1=\"25\" y1=\"20\" x2=\"25\" y2=\"30\" stroke=\"#2c5aa0\" stroke-width=\"1\"><\/line>\n                            <line x1=\"30\" y1=\"20\" x2=\"30\" y2=\"30\" stroke=\"#2c5aa0\" stroke-width=\"1\"><\/line>\n                            <line x1=\"35\" y1=\"20\" x2=\"35\" y2=\"30\" stroke=\"#2c5aa0\" stroke-width=\"1\"><\/line>\n                            <circle cx=\"30\" cy=\"10\" r=\"3\" fill=\"#40a3a3\"><\/circle>\n                            <line x1=\"30\" y1=\"10\" x2=\"30\" y2=\"15\" stroke=\"#40a3a3\" stroke-width=\"2\"><\/line>\n                        <\/svg>\n                    <\/div>\n<h4>Kokyb\u0117<\/h4>\n<p>Superior quality is guaranteed by thorough and meticulous testing procedures.<\/p>\n<\/p><\/div>\n<div class=\"capability-card\">\n<div class=\"capability-icon reliability-cap\">\n                        <svg viewbox=\"0 0 60 60\" xmlns=\"http:\/\/www.w3.org\/2000\/svg\">\n                            <!-- \u5faa\u73af\/\u4e00\u81f4\u6027\u56fe\u6807 -->\n                            <circle cx=\"30\" cy=\"30\" r=\"15\" fill=\"none\" stroke=\"#40a3a3\" stroke-width=\"3\"><\/circle>\n                            <path d=\"M30 15 L30 30 L40 30\" fill=\"none\" stroke=\"#ffa500\" stroke-width=\"3\" stroke-linecap=\"round\"><\/path>\n                            <circle cx=\"30\" cy=\"30\" r=\"3\" fill=\"#2c5aa0\"><\/circle>\n                            <path d=\"M45 30 L48 27 L48 33 Z\" fill=\"#40a3a3\"><\/path>\n                        <\/svg>\n                    <\/div>\n<h4>Patikimumas<\/h4>\n<p>Consistent and reproducible results with every batch.<\/p>\n<\/p><\/div>\n<div class=\"capability-card\">\n<div class=\"capability-icon efficiency-cap\">\n                        <svg viewbox=\"0 0 60 60\" xmlns=\"http:\/\/www.w3.org\/2000\/svg\">\n                            <!-- \u95ea\u7535\/\u901f\u5ea6\u56fe\u6807 -->\n                            <path d=\"M35 10 L20 30 L28 30 L25 50 L40 25 L32 25 Z\" fill=\"#ffa500\"><\/path>\n                            <circle cx=\"30\" cy=\"30\" r=\"20\" fill=\"none\" stroke=\"#40a3a3\" stroke-width=\"2\" stroke-dasharray=\"3,3\"><\/circle>\n                        <\/svg>\n                    <\/div>\n<h4>Veiksmingumas<\/h4>\n<p>Efficient workflows for on-time delivery.<\/p>\n<\/p><\/div>\n<div class=\"capability-card\">\n<div class=\"capability-icon flexibility-cap\">\n                        <svg viewbox=\"0 0 60 60\" xmlns=\"http:\/\/www.w3.org\/2000\/svg\">\n                            <!-- \u53ef\u8c03\u8282\/\u4f38\u7f29\u56fe\u6807 -->\n                            <line x1=\"15\" y1=\"25\" x2=\"45\" y2=\"25\" stroke=\"#40a3a3\" stroke-width=\"3\"><\/line>\n                            <line x1=\"15\" y1=\"35\" x2=\"45\" y2=\"35\" stroke=\"#40a3a3\" stroke-width=\"3\"><\/line>\n                            <rect x=\"20\" y=\"20\" width=\"5\" height=\"20\" fill=\"#ffa500\"><\/rect>\n                            <rect x=\"35\" y=\"22\" width=\"5\" height=\"16\" fill=\"#2c5aa0\"><\/rect>\n                            <path d=\"M12 25 L15 22 L15 28 Z\" fill=\"#40a3a3\"><\/path>\n                            <path d=\"M48 25 L45 22 L45 28 Z\" fill=\"#40a3a3\"><\/path>\n                            <path d=\"M12 35 L15 32 L15 38 Z\" fill=\"#40a3a3\"><\/path>\n                            <path d=\"M48 35 L45 32 L45 38 Z\" fill=\"#40a3a3\"><\/path>\n                        <\/svg>\n                    <\/div>\n<h4>Lankstumas<\/h4>\n<p>Flexible and scalable solutions are designed to adapt to changing production volumes seamlessly.<\/p>\n<\/p><\/div>\n<\/p><\/div>\n<\/p><\/div>\n<p>        <!-- Contact Us Section --><\/p>\n<div class=\"contact-section\">\n<div class=\"contact-background-decoration\">\n<div class=\"deco-circle deco-1\"><\/div>\n<div class=\"deco-circle deco-2\"><\/div>\n<div class=\"deco-circle deco-3\"><\/div>\n<\/p><\/div>\n<div class=\"contact-content\">\n<div class=\"contact-header\">\n<div class=\"contact-icon-large\">\n                        <svg viewbox=\"0 0 80 80\" xmlns=\"http:\/\/www.w3.org\/2000\/svg\">\n                            <circle cx=\"40\" cy=\"40\" r=\"35\" fill=\"none\" stroke=\"#40a3a3\" stroke-width=\"2\"><\/circle>\n                            <path d=\"M25 35 L40 45 L55 35 L55 50 C55 52 53 54 51 54 L29 54 C27 54 25 52 25 50 Z\" fill=\"#ffa500\"><\/path>\n                            <path d=\"M25 35 L40 25 L55 35 L40 45 Z\" fill=\"#40a3a3\"><\/path>\n                            <circle cx=\"40\" cy=\"40\" r=\"38\" fill=\"none\" stroke=\"#2c5aa0\" stroke-width=\"1\" stroke-dasharray=\"5,5\" opacity=\"0.3\"><\/circle>\n                        <\/svg>\n                    <\/div>\n<h3 class=\"subsection-title center-title\">Get In Touch<\/h3>\n<p class=\"contact-description\">Ready to start your formulation development project? Our team of experts is here to help you bring your vision to life.<\/p>\n<\/p><\/div>\n<div class=\"contact-button-wrapper\">\n                    <a href=\"https:\/\/hpmc.ae\/lt\/contact\/\" target=\"_blank\" class=\"contact-cta-button\"><br \/>\n                        <span class=\"button-text\">Susisiekite su mumis<\/span><br \/>\n                        <span class=\"button-icon\"><br \/>\n                            <svg viewbox=\"0 0 24 24\" xmlns=\"http:\/\/www.w3.org\/2000\/svg\">\n                                <path d=\"M5 12 L19 12 M19 12 L12 5 M19 12 L12 19\" fill=\"none\" stroke=\"currentColor\" stroke-width=\"2\" stroke-linecap=\"round\" stroke-linejoin=\"round\"><\/path>\n                            <\/svg><br \/>\n                        <\/span><br \/>\n                        <span class=\"button-shine\"><\/span><br \/>\n                    <\/a>\n                <\/div>\n<\/p><\/div>\n<\/p><\/div>\n<\/p><\/div>\n<\/div>\n<style>\n.formulation-services-content {\n    background: linear-gradient(180deg, #f8fcff 0%, #ffffff 100%);\n    padding: 80px 0;\n    position: relative;\n    font-family: 'Arial', sans-serif;\n}<\/p>\n<p>.formulation-services-content::before {\n    content: '';\n    position: absolute;\n    top: 0;\n    left: 0;\n    right: 0;\n    bottom: 0;\n    background: \n        radial-gradient(circle at 15% 25%, rgba(64, 163, 163, 0.06) 0%, transparent 50%),\n        radial-gradient(circle at 85% 75%, rgba(44, 90, 160, 0.04) 0%, transparent 50%);\n    pointer-events: none;\n}<\/p>\n<p>.content-container {\n    max-width: 1200px;\n    margin: 0 auto;\n    padding: 0 40px;\n    position: relative;\n    z-index: 1;\n}<\/p>\n<p>.content-header {\n    text-align: center;\n    margin-bottom: 60px;\n}<\/p>\n<p>.section-title {\n    font-size: 3rem;\n    font-weight: 700;\n    color: #0f3460;\n    margin-bottom: 25px;\n    line-height: 1.2;\n}<\/p>\n<p>.section-subtitle {\n    font-size: 1.3rem;\n    color: #2c5aa0;\n    font-weight: 400;\n    line-height: 1.6;\n    max-width: 800px;\n    margin: 0 auto;\n}<\/p>\n<p>\/* Services Overview Badges *\/\n.services-overview {\n    margin-bottom: 80px;\n}<\/p>\n<p>.services-badges {\n    display: grid;\n    grid-template-columns: repeat(auto-fit, minmax(180px, 1fr));\n    gap: 25px;\n    max-width: 1000px;\n    margin: 0 auto;\n}<\/p>\n<p>.service-badge-item {\n    display: flex;\n    flex-direction: column;\n    align-items: center;\n    gap: 15px;\n    background: white;\n    padding: 25px 20px;\n    border-radius: 20px;\n    box-shadow: 0 8px 25px rgba(15, 52, 96, 0.1);\n    transition: all 0.3s ease;\n    border: 1px solid rgba(64, 163, 163, 0.1);\n    text-align: center;\n}<\/p>\n<p>.service-badge-item:hover {\n    transform: translateY(-8px);\n    box-shadow: 0 15px 35px rgba(15, 52, 96, 0.15);\n    background: linear-gradient(135deg, rgba(64, 163, 163, 0.05), rgba(15, 52, 96, 0.02));\n}<\/p>\n<p>.badge-icon {\n    width: 50px;\n    height: 50px;\n    position: relative;\n}<\/p>\n<p>.badge-icon svg {\n    width: 100%;\n    height: 100%;\n}<\/p>\n<p>.service-badge-item span {\n    font-size: 1rem;\n    font-weight: 600;\n    color: #0f3460;\n}<\/p>\n<p>\/* Laboratory Section *\/\n.laboratory-section {\n    margin-bottom: 80px;\n}<\/p>\n<p>.lab-content {\n    display: grid;\n    grid-template-columns: 1fr 1fr;\n    gap: 50px;\n    align-items: center;\n    background: linear-gradient(135deg, rgba(64, 163, 163, 0.08), rgba(15, 52, 96, 0.05));\n    padding: 50px;\n    border-radius: 25px;\n    border: 1px solid rgba(64, 163, 163, 0.1);\n}<\/p>\n<p>.lab-image {\n    position: relative;\n    overflow: hidden;\n    border-radius: 20px;\n    box-shadow: 0 15px 35px rgba(15, 52, 96, 0.15);\n    transition: all 0.3s ease;\n}<\/p>\n<p>.lab-image:hover {\n    transform: scale(1.02);\n    box-shadow: 0 20px 45px rgba(15, 52, 96, 0.2);\n}<\/p>\n<p>.lab-image img {\n    width: 100%;\n    height: 350px;\n    object-fit: cover;\n    object-position: center top;\n    transition: transform 0.3s ease;\n}<\/p>\n<p>.lab-image:hover img {\n    transform: scale(1.05);\n}<\/p>\n<p>.image-caption {\n    position: absolute;\n    bottom: 0;\n    left: 0;\n    right: 0;\n    background: linear-gradient(transparent, rgba(15, 52, 96, 0.9));\n    color: white;\n    padding: 20px;\n    font-weight: 600;\n    font-size: 1rem;\n    text-align: center;\n}<\/p>\n<p>.subsection-title {\n    font-size: 2.2rem;\n    font-weight: 700;\n    color: #0f3460;\n    margin-bottom: 25px;\n    position: relative;\n    padding-bottom: 15px;\n}<\/p>\n<p>.subsection-title::after {\n    content: '';\n    position: absolute;\n    bottom: 0;\n    left: 0;\n    width: 60px;\n    height: 4px;\n    background: linear-gradient(45deg, #40a3a3, #ffa500);\n    border-radius: 2px;\n}<\/p>\n<p>.center-title {\n    text-align: center;\n}<\/p>\n<p>.center-title::after {\n    left: 50%;\n    transform: translateX(-50%);\n}<\/p>\n<p>.lab-text p {\n    font-size: 1.1rem;\n    line-height: 1.7;\n    color: #2c5aa0;\n    margin-bottom: 25px;\n}<\/p>\n<p>.lab-highlight {\n    background: rgba(64, 163, 163, 0.1);\n    padding: 20px;\n    border-radius: 15px;\n    border-left: 4px solid #40a3a3;\n}<\/p>\n<p>.lab-highlight h4 {\n    color: #0f3460;\n    font-size: 1.3rem;\n    margin-bottom: 10px;\n    font-weight: 600;\n}<\/p>\n<p>.lab-highlight p {\n    color: #2c5aa0;\n    margin: 0;\n    font-size: 1rem;\n}<\/p>\n<p>\/* Capabilities Section - Single Row *\/\n.capabilities-section {\n    margin-bottom: 80px;\n}<\/p>\n<p>.capabilities-row {\n    display: grid;\n    grid-template-columns: repeat(4, 1fr);\n    gap: 25px;\n    margin-top: 50px;\n}<\/p>\n<p>.capability-card {\n    background: white;\n    padding: 30px 20px;\n    border-radius: 20px;\n    box-shadow: 0 10px 30px rgba(15, 52, 96, 0.1);\n    transition: all 0.3s ease;\n    text-align: center;\n    border: 1px solid rgba(64, 163, 163, 0.1);\n    position: relative;\n    overflow: hidden;\n}<\/p>\n<p>.capability-card::before {\n    content: '';\n    position: absolute;\n    top: 0;\n    left: -100%;\n    width: 100%;\n    height: 100%;\n    background: linear-gradient(90deg, transparent, rgba(64, 163, 163, 0.1), transparent);\n    transition: left 0.6s ease;\n}<\/p>\n<p>.capability-card:hover::before {\n    left: 100%;\n}<\/p>\n<p>.capability-card:hover {\n    transform: translateY(-10px);\n    box-shadow: 0 20px 40px rgba(15, 52, 96, 0.15);\n}<\/p>\n<p>.capability-icon {\n    width: 60px;\n    height: 60px;\n    margin: 0 auto 20px;\n    position: relative;\n}<\/p>\n<p>.capability-icon svg {\n    width: 100%;\n    height: 100%;\n}<\/p>\n<p>.capability-card h4 {\n    font-size: 1.3rem;\n    font-weight: 600;\n    color: #0f3460;\n    margin-bottom: 15px;\n}<\/p>\n<p>.capability-card p {\n    font-size: 0.95rem;\n    color: #666;\n    line-height: 1.5;\n    margin-bottom: 20px;\n}<\/p>\n<p>\/* Contact Section *\/\n.contact-section {\n    margin-top: 100px;\n    position: relative;\n    padding: 80px 0;\n    background: linear-gradient(135deg, rgba(64, 163, 163, 0.05), rgba(15, 52, 96, 0.03));\n    border-radius: 30px;\n    overflow: hidden;\n}<\/p>\n<p>.contact-background-decoration {\n    position: absolute;\n    top: 0;\n    left: 0;\n    width: 100%;\n    height: 100%;\n    overflow: hidden;\n    pointer-events: none;\n}<\/p>\n<p>.deco-circle {\n    position: absolute;\n    border-radius: 50%;\n    opacity: 0.1;\n}<\/p>\n<p>.deco-1 {\n    width: 300px;\n    height: 300px;\n    background: radial-gradient(circle, #40a3a3, transparent);\n    top: -100px;\n    right: -100px;\n}<\/p>\n<p>.deco-2 {\n    width: 200px;\n    height: 200px;\n    background: radial-gradient(circle, #ffa500, transparent);\n    bottom: -50px;\n    left: -50px;\n}<\/p>\n<p>.deco-3 {\n    width: 150px;\n    height: 150px;\n    background: radial-gradient(circle, #2c5aa0, transparent);\n    top: 50%;\n    left: 10%;\n}<\/p>\n<p>.contact-content {\n    position: relative;\n    z-index: 1;\n}<\/p>\n<p>.contact-header {\n    text-align: center;\n    margin-bottom: 50px;\n}<\/p>\n<p>.contact-icon-large {\n    width: 80px;\n    height: 80px;\n    margin: 0 auto 30px;\n    transition: transform 0.3s ease;\n}<\/p>\n<p>.contact-icon-large:hover {\n    transform: scale(1.1) rotate(5deg);\n}<\/p>\n<p>.contact-icon-large svg {\n    width: 100%;\n    height: 100%;\n}<\/p>\n<p>.contact-description {\n    font-size: 1.1rem;\n    color: #2c5aa0;\n    max-width: 700px;\n    margin: 0 auto;\n    line-height: 1.7;\n}<\/p>\n<p>.contact-button-wrapper {\n    display: flex;\n    justify-content: center;\n    align-items: center;\n    padding: 40px 0;\n}<\/p>\n<p>.contact-cta-button {\n    position: relative;\n    display: inline-flex;\n    align-items: center;\n    gap: 15px;\n    padding: 20px 50px;\n    background: linear-gradient(135deg, #40a3a3, #2c5aa0);\n    color: white;\n    text-decoration: none;\n    font-size: 1.2rem;\n    font-weight: 700;\n    border-radius: 50px;\n    box-shadow: 0 10px 30px rgba(64, 163, 163, 0.3);\n    transition: all 0.4s cubic-bezier(0.175, 0.885, 0.32, 1.275);\n    overflow: hidden;\n    border: 2px solid transparent;\n}<\/p>\n<p>.contact-cta-button::before {\n    content: '';\n    position: absolute;\n    top: 0;\n    left: 0;\n    width: 100%;\n    height: 100%;\n    background: linear-gradient(135deg, #2c5aa0, #40a3a3);\n    opacity: 0;\n    transition: opacity 0.4s ease;\n}<\/p>\n<p>.contact-cta-button:hover::before {\n    opacity: 1;\n}<\/p>\n<p>.contact-cta-button:hover {\n    transform: translateY(-5px) scale(1.05);\n    box-shadow: 0 15px 40px rgba(64, 163, 163, 0.5);\n    border-color: #ffa500;\n}<\/p>\n<p>.contact-cta-button:active {\n    transform: translateY(-2px) scale(1.02);\n}<\/p>\n<p>.button-text {\n    position: relative;\n    z-index: 2;\n    letter-spacing: 0.5px;\n}<\/p>\n<p>.button-icon {\n    position: relative;\n    z-index: 2;\n    width: 24px;\n    height: 24px;\n    display: flex;\n    align-items: center;\n    justify-content: center;\n    transition: transform 0.4s ease;\n}<\/p>\n<p>.contact-cta-button:hover .button-icon {\n    transform: translateX(5px);\n}<\/p>\n<p>.button-icon svg {\n    width: 100%;\n    height: 100%;\n}<\/p>\n<p>.button-shine {\n    position: absolute;\n    top: 0;\n    left: -100%;\n    width: 100%;\n    height: 100%;\n    background: linear-gradient(90deg, transparent, rgba(255, 255, 255, 0.3), transparent);\n    transition: left 0.6s ease;\n}<\/p>\n<p>.contact-cta-button:hover .button-shine {\n    left: 100%;\n}<\/p>\n<p>\/* Responsive Design *\/\n@media (max-width: 1024px) {\n    .capabilities-row {\n        grid-template-columns: repeat(2, 1fr);\n        gap: 30px;\n    }\n}<\/p>\n<p>@media (max-width: 768px) {\n    .content-container {\n        padding: 0 20px;\n    }<\/p>\n<p>    .section-title {\n        font-size: 2.2rem;\n    }<\/p>\n<p>    .services-badges {\n        grid-template-columns: repeat(2, 1fr);\n    }<\/p>\n<p>    .lab-content {\n        grid-template-columns: 1fr;\n        gap: 30px;\n    }<\/p>\n<p>    .lab-image img {\n        height: 300px;\n    }<\/p>\n<p>    .capabilities-row {\n        grid-template-columns: 1fr;\n        gap: 25px;\n    }<\/p>\n<p>    .capability-card {\n        padding: 25px 20px;\n    }<\/p>\n<p>    .contact-section {\n        padding: 60px 0;\n    }<\/p>\n<p>    .contact-cta-button {\n        padding: 18px 40px;\n        font-size: 1.1rem;\n    }\n}<\/p>\n<p>@media (max-width: 480px) {\n    .section-title {\n        font-size: 1.8rem;\n    }<\/p>\n<p>    .services-badges {\n        grid-template-columns: 1fr;\n    }<\/p>\n<p>    .lab-content {\n        padding: 30px;\n    }<\/p>\n<p>    .lab-image img {\n        height: 250px;\n    }<\/p>\n<p>    .contact-section {\n        padding: 50px 0;\n    }<\/p>\n<p>    .contact-cta-button {\n        padding: 16px 35px;\n        font-size: 1rem;\n        gap: 12px;\n    }\n}\n<\/style>\n<\/div>","protected":false},"excerpt":{"rendered":"<p>Formulavimo k\u016brimo paslaugos  \nLANDU ekspert\u0173 chemik\u0173 ir in\u017einieri\u0173 komanda specializuojasi kuriant formulacijas \u012fvairioms taikymo sritims. Tur\u0117dami daugelio met\u0173 patirt\u012f ir pa\u017eangiausias technologijas, esame pasiruo\u0161\u0119 \u012fgyvendinti j\u016bs\u0173 reikalavimus.  \nIndividualizuotas sprendimas  \n Pa\u017eangi technologija  \n Kokyb\u0117s u\u017etikrinimas  \n Ekspert\u0173 komanda  \n Privat\u016bs \u017eenklinimo laboratorijos  \n Taikymo testavimo komanda  \n LANDU laboratorijos meistri\u0161kumas  \n M\u016bs\u0173 modernios laboratorijos \u012frengtos su [\u2026]<\/p>","protected":false},"author":1,"featured_media":0,"parent":5317,"menu_order":0,"comment_status":"closed","ping_status":"closed","template":"elementor_header_footer","meta":{"footnotes":""},"class_list":["post-5350","page","type-page","status-publish","hentry"],"_links":{"self":[{"href":"https:\/\/hpmc.ae\/lt\/wp-json\/wp\/v2\/pages\/5350","targetHints":{"allow":["GET"]}}],"collection":[{"href":"https:\/\/hpmc.ae\/lt\/wp-json\/wp\/v2\/pages"}],"about":[{"href":"https:\/\/hpmc.ae\/lt\/wp-json\/wp\/v2\/types\/page"}],"author":[{"embeddable":true,"href":"https:\/\/hpmc.ae\/lt\/wp-json\/wp\/v2\/users\/1"}],"replies":[{"embeddable":true,"href":"https:\/\/hpmc.ae\/lt\/wp-json\/wp\/v2\/comments?post=5350"}],"version-history":[{"count":1,"href":"https:\/\/hpmc.ae\/lt\/wp-json\/wp\/v2\/pages\/5350\/revisions"}],"predecessor-version":[{"id":5351,"href":"https:\/\/hpmc.ae\/lt\/wp-json\/wp\/v2\/pages\/5350\/revisions\/5351"}],"up":[{"embeddable":true,"href":"https:\/\/hpmc.ae\/lt\/wp-json\/wp\/v2\/pages\/5317"}],"wp:attachment":[{"href":"https:\/\/hpmc.ae\/lt\/wp-json\/wp\/v2\/media?parent=5350"}],"curies":[{"name":"wp","href":"https:\/\/api.w.org\/{rel}","templated":true}]}}