{"id":5031,"date":"2025-11-25T06:01:39","date_gmt":"2025-11-25T06:01:39","guid":{"rendered":"https:\/\/hpmc.ae\/?page_id=5031"},"modified":"2025-12-22T03:08:41","modified_gmt":"2025-12-22T03:08:41","slug":"tile-adhesive-performance-with-hpmc","status":"publish","type":"page","link":"https:\/\/hpmc.ae\/pt_br\/industrial-applications\/drymix-mortar\/tile-adhesive-performance-with-hpmc\/","title":{"rendered":"hpmc para adesivo de piso"},"content":{"rendered":"<div class=\"tile-adhesive-page\">\n<div class=\"content-container\">\n        <!-- Header Section --><\/p>\n<div class=\"page-header\">\n<h1 class=\"main-title\">Adesivo para Azulejos \u2013 Fixa\u00e7\u00e3o Forte para Azulejos<\/h1>\n<p class=\"main-subtitle\">Solu\u00e7\u00f5es avan\u00e7adas \u00e0 base de cimento para instala\u00e7\u00e3o profissional de azulejos<\/p>\n<\/p><\/div>\n<p>        <!-- What is Tile Adhesive Section --><\/p>\n<div class=\"intro-section\">\n<div class=\"intro-content\">\n<div class=\"intro-text\">\n<h2 class=\"section-title\">O que \u00e9 Adesivo para Azulejos?<\/h2>\n<p class=\"intro-description\">Adesivo para azulejos, tamb\u00e9m chamado de cola para azulejos, \u00e9 uma mistura especialmente formulada feita de cimento, areia, calc\u00e1rio e aditivos que melhoram o desempenho. \u00c9 amplamente utilizado para fixar azulejos de cer\u00e2mica, porcelana ou pedra em diferentes superf\u00edcies, como cimento, concreto ou placas de gesso.<\/p>\n<div class=\"highlight-box\">\n<div class=\"highlight-icon\">\n                            <svg width=\"24\" height=\"24\" viewbox=\"0 0 24 24\" fill=\"none\">\n                                <path d=\"M12 2L15.09 8.26L22 9.27L17 14.14L18.18 21.02L12 17.77L5.82 21.02L7 14.14L2 9.27L8.91 8.26L12 2Z\" fill=\"currentColor\"><\/path>\n                            <\/svg>\n                        <\/div>\n<p><strong>Ao contr\u00e1rio do argamassa tradicional de areia e cimento, o adesivo de cimento moderno oferece melhor resist\u00eancia \u00e0 fixa\u00e7\u00e3o, trabalhabilidade e durabilidade.<\/strong> Isto se deve principalmente \u00e0 inclus\u00e3o de \u00e9teres de celulose (HPMC) e pol\u00edmeros (RDP), que melhoram significativamente o desempenho.<\/p>\n<\/p><\/div>\n<\/p><\/div>\n<div class=\"intro-image\">\n                    <img height=\"534\" width=\"800\" decoding=\"async\" src=\"https:\/\/hpmc.ae\/wp-content\/uploads\/2025\/09\/installing-ceramic-tiles-on-the-wall-in-kitchen-2024-12-08-02-45-42-utc.jpg\" alt=\"Aplica\u00e7\u00e3o de Adesivo para Azulejos\"><\/p>\n<div class=\"image-caption\">Processo de Instala\u00e7\u00e3o Profissional de Azulejos<\/div>\n<\/p><\/div>\n<\/p><\/div>\n<\/p><\/div>\n<p>        <!-- Classification Section --><\/p>\n<div class=\"classification-section\">\n<h2 class=\"section-title center-title\">Classifica\u00e7\u00e3o de Adesivos para Azulejos \u2013 C1 vs. C2<\/h2>\n<p class=\"classification-intro\">Os adesivos para azulejos s\u00e3o divididos em categorias com base nas normas europeias (EN 12004):<\/p>\n<div class=\"classification-grid\">\n<div class=\"classification-card c1-card\">\n<div class=\"card-header\">\n<div class=\"class-badge c1-badge\">C1<\/div>\n<h3 class=\"class-title\">Grau Padr\u00e3o<\/h3>\n<\/p><\/div>\n<div class=\"class-features\">\n<div class=\"feature-item\">\n<div class=\"feature-icon\">\n<div class=\"icon-wrapper size-icon\"><\/div>\n<\/p><\/div>\n<div class=\"feature-text\">\n<h4>Tamanho do Azulejo<\/h4>\n<p>At\u00e9 30 \u00d7 30 cm \/ 12\u2033 \u00d7 12\u2033<\/p>\n<\/p><\/div>\n<\/p><\/div>\n<div class=\"feature-item\">\n<div class=\"feature-icon\">\n<div class=\"icon-wrapper location-icon\"><\/div>\n<\/p><\/div>\n<div class=\"feature-text\">\n<h4>Aplica\u00e7\u00e3o<\/h4>\n<p>Revestimento de paredes e pisos para aplica\u00e7\u00f5es internas gerais<\/p>\n<\/p><\/div>\n<\/p><\/div>\n<div class=\"feature-item\">\n<div class=\"feature-icon\">\n<div class=\"icon-wrapper strength-icon\"><\/div>\n<\/p><\/div>\n<div class=\"feature-text\">\n<h4>Desempenho<\/h4>\n<p>Ades\u00e3o suficiente para azulejos de tamanho m\u00e9dio<\/p>\n<\/p><\/div>\n<\/p><\/div>\n<\/p><\/div>\n<\/p><\/div>\n<div class=\"classification-card c2-card\">\n<div class=\"card-header\">\n<div class=\"class-badge c2-badge\">C2<\/div>\n<h3 class=\"class-title\">Grau Melhorado<\/h3>\n<\/p><\/div>\n<div class=\"class-features\">\n<div class=\"feature-item\">\n<div class=\"feature-icon\">\n<div class=\"icon-wrapper size-icon\"><\/div>\n<\/p><\/div>\n<div class=\"feature-text\">\n<h4>Tamanho do Azulejo<\/h4>\n<p>At\u00e9 60 \u00d7 60 cm \/ 24\u2033 \u00d7 24\u2033<\/p>\n<\/p><\/div>\n<\/p><\/div>\n<div class=\"feature-item\">\n<div class=\"feature-icon\">\n<div class=\"icon-wrapper weather-icon\"><\/div>\n<\/p><\/div>\n<div class=\"feature-text\">\n<h4>Ambiente<\/h4>\n<p>Resistente \u00e0 umidade, calor e frio<\/p>\n<\/p><\/div>\n<\/p><\/div>\n<div class=\"feature-item\">\n<div class=\"feature-icon\">\n<div class=\"icon-wrapper durability-icon\"><\/div>\n<\/p><\/div>\n<div class=\"feature-text\">\n<h4>Desempenho<\/h4>\n<p>Maior resist\u00eancia \u00e0 fixa\u00e7\u00e3o, flexibilidade e durabilidade<\/p>\n<\/p><\/div>\n<\/p><\/div>\n<\/p><\/div>\n<\/p><\/div>\n<\/p><\/div>\n<\/p><\/div>\n<p>        <!-- Additives Section --><\/p>\n<div class=\"additives-section\">\n<div class=\"additives-content\">\n<div class=\"additives-text\">\n<h2 class=\"section-title\">Por que os Aditivos s\u00e3o Essenciais no Adesivo para Azulejos<\/h2>\n<p class=\"additives-description\">Aditivos de desempenho como HPMC (HidroxiPropil Metilcelulose) e RDP (Pol\u00edmero em P\u00f3 Redispers\u00edvel) transformam adesivos \u00e0 base de cimento em materiais de constru\u00e7\u00e3o de alto desempenho.<\/p>\n<div class=\"additives-types\">\n<div class=\"additive-type hpmc-type\">\n<div class=\"additive-header\">\n<div class=\"additive-icon hpmc-icon\">\n<div class=\"molecule-structure\"><\/div>\n<\/p><\/div>\n<h3>HPMC em Adesivo de Revestimento<\/h3>\n<\/p><\/div>\n<ul class=\"additive-benefits\">\n<li>Proporciona excelente reten\u00e7\u00e3o de \u00e1gua, garantindo a hidrata\u00e7\u00e3o completa do cimento<\/li>\n<li>Melhora a usabilidade e a consist\u00eancia para aplica\u00e7\u00e3o mais f\u00e1cil<\/li>\n<li>Estende o tempo de abertura, permitindo ajustes de azulejos durante a instala\u00e7\u00e3o<\/li>\n<li>Aumenta a resist\u00eancia ao escorregamento, especialmente para aplica\u00e7\u00f5es verticais<\/li>\n<\/ul><\/div>\n<div class=\"additive-type rdp-type\">\n<div class=\"additive-header\">\n<div class=\"additive-icon rdp-icon\">\n<div class=\"polymer-chain\"><\/div>\n<\/p><\/div>\n<h3>RDP em Adesivo de Revestimento<\/h3>\n<\/p><\/div>\n<ul class=\"additive-benefits\">\n<li>Aumenta a resist\u00eancia de ades\u00e3o<\/li>\n<li>Melhora a flexibilidade e a resist\u00eancia ao impacto<\/li>\n<li>Melhora a durabilidade sob varia\u00e7\u00f5es de temperatura<\/li>\n<\/ul><\/div>\n<\/p><\/div>\n<\/p><\/div>\n<div class=\"additives-images\">\n<div class=\"additives-image\">\n                        <img loading=\"lazy\" height=\"533\" width=\"800\" decoding=\"async\" src=\"https:\/\/hpmc.ae\/wp-content\/uploads\/2025\/09\/LANDU-physicochemical-and-application-test.jpg\" alt=\"Testes de Laborat\u00f3rio LANDU\"><\/p>\n<div class=\"image-caption\">Testes e An\u00e1lises Avan\u00e7adas de Laborat\u00f3rio<\/div>\n<\/p><\/div>\n<div class=\"additives-image\">\n                        <img loading=\"lazy\" height=\"450\" width=\"800\" decoding=\"async\" src=\"https:\/\/hpmc.ae\/wp-content\/uploads\/2025\/09\/C0036.MP4_20250916_105021.964.jpg\" alt=\"Aditivos para Adesivo de Revestimento\"><\/p>\n<div class=\"image-caption\">Tecnologia Avan\u00e7ada de Aditivos<\/div>\n<\/p><\/div>\n<\/p><\/div>\n<\/p><\/div>\n<\/p><\/div>\n<p>        <!-- Applications Section --><\/p>\n<div class=\"applications-section\">\n<div class=\"applications-content\">\n<div class=\"applications-text\">\n<h2 class=\"section-title\">Aplica\u00e7\u00f5es do Adesivo de Revestimento<\/h2>\n<p class=\"applications-description\">Adesivo de Revestimento \u00e9 amplamente utilizado em:<\/p>\n<div class=\"applications-grid\">\n<div class=\"application-item\">\n<div class=\"app-icon interior-icon\"><\/div>\n<p>                            <span>Revestimento de paredes e pisos internos<\/span>\n                        <\/div>\n<div class=\"application-item\">\n<div class=\"app-icon exterior-icon\"><\/div>\n<p>                            <span>Fachadas externas e pavimenta\u00e7\u00e3o ao ar livre<\/span>\n                        <\/div>\n<div class=\"application-item\">\n<div class=\"app-icon large-format-icon\"><\/div>\n<p>                            <span>Azulejos de grande formato, m\u00e1rmore e granito<\/span>\n                        <\/div>\n<div class=\"application-item\">\n<div class=\"app-icon wet-areas-icon\"><\/div>\n<p>                            <span>\u00c1reas molhadas: banheiros, cozinhas, piscinas<\/span>\n                        <\/div>\n<div class=\"application-item\">\n<div class=\"app-icon heating-icon\"><\/div>\n<p>                            <span>Pisos aquecidos e \u00e1reas com varia\u00e7\u00e3o de temperatura<\/span>\n                        <\/div>\n<\/p><\/div>\n<\/p><\/div>\n<div class=\"applications-images\">\n<div class=\"applications-image\">\n                        <img loading=\"lazy\" height=\"533\" width=\"800\" decoding=\"async\" src=\"https:\/\/hpmc.ae\/wp-content\/uploads\/2025\/09\/landu-sales-staff-in-meeting-room.jpg\" alt=\"LANDU Professional Team\"><\/p>\n<div class=\"image-caption\">Consultoria e Suporte Profissional<\/div>\n<\/p><\/div>\n<div class=\"applications-image\">\n                        <img loading=\"lazy\" height=\"450\" width=\"800\" decoding=\"async\" src=\"https:\/\/hpmc.ae\/wp-content\/uploads\/2025\/09\/C0039.MP4_20250916_105145.417.jpg\" alt=\"Aplica\u00e7\u00f5es do Adesivo de Revestimento\"><\/p>\n<div class=\"image-caption\">Cen\u00e1rios de Aplica\u00e7\u00e3o Vers\u00e1teis<\/div>\n<\/p><\/div>\n<\/p><\/div>\n<\/p><\/div>\n<\/p><\/div>\n<\/p><\/div>\n<\/div>\n<style>\n\/* Base Styles *\/<br \/>\n.tile-adhesive-page {<br \/>\n    background: linear-gradient(135deg, #f8fbff 0%, #ffffff 50%, #f0f8ff 100%);<br \/>\n    padding: 40px 0;<br \/>\n    font-family: 'Inter', -apple-system, BlinkMacSystemFont, sans-serif;<br \/>\n    color: #1e293b;<br \/>\n}<\/p>\n<p>.content-container {<br \/>\n    max-width: 1600px;<br \/>\n    margin: 0 auto;<br \/>\n    padding: 0 40px;<br \/>\n}<\/p>\n<p>\/* Header Section *\/<br \/>\n.page-header {<br \/>\n    text-align: center;<br \/>\n    margin-bottom: 60px;<br \/>\n    padding: 40px 0;<br \/>\n}<\/p>\n<p>.main-title {<br \/>\n    font-size: 3.2rem;<br \/>\n    font-weight: 800;<br \/>\n    color: #0f1419;<br \/>\n    margin: 0 0 16px 0;<br \/>\n    line-height: 1.1;<br \/>\n    letter-spacing: -0.02em;<br \/>\n    background: linear-gradient(135deg, #0f1419 0%, #1e293b 50%, #3b82f6 100%);<br \/>\n    background-clip: text;<br \/>\n    -webkit-background-clip: text;<br \/>\n    -webkit-text-fill-color: transparent;<br \/>\n}<\/p>\n<p>.main-subtitle {<br \/>\n    font-size: 1.3rem;<br \/>\n    color: #64748b;<br \/>\n    font-weight: 500;<br \/>\n    line-height: 1.6;<br \/>\n    margin: 0;<br \/>\n}<\/p>\n<p>\/* Section Title *\/<br \/>\n.section-title {<br \/>\n    font-size: 2rem;<br \/>\n    font-weight: 700;<br \/>\n    color: #1e293b;<br \/>\n    margin-bottom: 24px;<br \/>\n    letter-spacing: -0.01em;<br \/>\n    position: relative;<br \/>\n    padding-bottom: 12px;<br \/>\n}<\/p>\n<p>.section-title::after {<br \/>\n    content: '';<br \/>\n    position: absolute;<br \/>\n    bottom: 0;<br \/>\n    left: 0;<br \/>\n    width: 60px;<br \/>\n    height: 4px;<br \/>\n    background: linear-gradient(45deg, #3b82f6, #0ea5e9);<br \/>\n    border-radius: 2px;<br \/>\n}<\/p>\n<p>.center-title {<br \/>\n    text-align: center;<br \/>\n}<\/p>\n<p>.center-title::after {<br \/>\n    left: 50%;<br \/>\n    transform: translateX(-50%);<br \/>\n}<\/p>\n<p>\/* Intro Section *\/<br \/>\n.intro-section {<br \/>\n    margin-bottom: 80px;<br \/>\n}<\/p>\n<p>.intro-content {<br \/>\n    display: grid;<br \/>\n    grid-template-columns: 1fr 1fr;<br \/>\n    gap: 50px;<br \/>\n    align-items: stretch;<br \/>\n    background: white;<br \/>\n    padding: 50px;<br \/>\n    border-radius: 24px;<br \/>\n    box-shadow: 0 4px 20px rgba(0, 0, 0, 0.08);<br \/>\n    border: 1px solid #e2e8f0;<br \/>\n}<\/p>\n<p>.intro-text {<br \/>\n    display: flex;<br \/>\n    flex-direction: column;<br \/>\n    justify-content: space-between;<br \/>\n}<\/p>\n<p>.intro-description {<br \/>\n    font-size: 1.05rem;<br \/>\n    line-height: 1.8;<br \/>\n    color: #475569;<br \/>\n    margin-bottom: 24px;<br \/>\n}<\/p>\n<p>.highlight-box {<br \/>\n    background: linear-gradient(135deg, rgba(59, 130, 246, 0.05), rgba(14, 165, 233, 0.05));<br \/>\n    padding: 24px;<br \/>\n    border-radius: 16px;<br \/>\n    border-left: 4px solid #3b82f6;<br \/>\n    position: relative;<br \/>\n    box-shadow: 0 2px 10px rgba(59, 130, 246, 0.08);<br \/>\n    margin-top: auto;<br \/>\n}<\/p>\n<p>.highlight-icon {<br \/>\n    position: absolute;<br \/>\n    top: -12px;<br \/>\n    right: 20px;<br \/>\n    width: 36px;<br \/>\n    height: 36px;<br \/>\n    background: linear-gradient(135deg, #3b82f6, #0ea5e9);<br \/>\n    border-radius: 50%;<br \/>\n    display: flex;<br \/>\n    align-items: center;<br \/>\n    justify-content: center;<br \/>\n    color: white;<br \/>\n    box-shadow: 0 4px 15px rgba(59, 130, 246, 0.3);<br \/>\n}<\/p>\n<p>.highlight-box p {<br \/>\n    font-size: 1rem;<br \/>\n    line-height: 1.7;<br \/>\n    color: #1e293b;<br \/>\n    margin: 0;<br \/>\n}<\/p>\n<p>.intro-image {<br \/>\n    position: relative;<br \/>\n    overflow: hidden;<br \/>\n    border-radius: 20px;<br \/>\n    box-shadow: 0 12px 30px rgba(0, 0, 0, 0.15);<br \/>\n    transition: all 0.3s ease;<br \/>\n    display: flex;<br \/>\n    align-items: center;<br \/>\n    justify-content: center;<br \/>\n}<\/p>\n<p>.intro-image:hover {<br \/>\n    transform: translateY(-5px);<br \/>\n    box-shadow: 0 16px 40px rgba(0, 0, 0, 0.2);<br \/>\n}<\/p>\n<p>.intro-image img {<br \/>\n    width: 100%;<br \/>\n    height: 100%;<br \/>\n    min-height: 400px;<br \/>\n    object-fit: cover;<br \/>\n    object-position: center center;<br \/>\n    transition: transform 0.3s ease;<br \/>\n}<\/p>\n<p>.intro-image:hover img {<br \/>\n    transform: scale(1.05);<br \/>\n}<\/p>\n<p>.image-caption {<br \/>\n    position: absolute;<br \/>\n    bottom: 0;<br \/>\n    left: 0;<br \/>\n    right: 0;<br \/>\n    background: linear-gradient(transparent, rgba(30, 41, 59, 0.95));<br \/>\n    color: white;<br \/>\n    padding: 20px;<br \/>\n    font-weight: 600;<br \/>\n    font-size: 0.95rem;<br \/>\n    text-align: center;<br \/>\n}<\/p>\n<p>\/* Classification Section *\/<br \/>\n.classification-section {<br \/>\n    margin-bottom: 80px;<br \/>\n}<\/p>\n<p>.classification-intro {<br \/>\n    text-align: center;<br \/>\n    font-size: 1.1rem;<br \/>\n    color: #64748b;<br \/>\n    margin-bottom: 40px;<br \/>\n    font-weight: 500;<br \/>\n}<\/p>\n<p>.classification-grid {<br \/>\n    display: grid;<br \/>\n    grid-template-columns: repeat(2, 1fr);<br \/>\n    gap: 40px;<br \/>\n}<\/p>\n<p>.classification-card {<br \/>\n    background: white;<br \/>\n    border-radius: 24px;<br \/>\n    padding: 40px;<br \/>\n    box-shadow: 0 4px 20px rgba(0, 0, 0, 0.08);<br \/>\n    border: 2px solid transparent;<br \/>\n    transition: all 0.3s ease;<br \/>\n    position: relative;<br \/>\n    overflow: hidden;<br \/>\n}<\/p>\n<p>.classification-card::before {<br \/>\n    content: '';<br \/>\n    position: absolute;<br \/>\n    top: 0;<br \/>\n    left: 0;<br \/>\n    right: 0;<br \/>\n    height: 6px;<br \/>\n    background: linear-gradient(90deg, transparent, currentColor, transparent);<br \/>\n    opacity: 0;<br \/>\n    transition: opacity 0.3s ease;<br \/>\n}<\/p>\n<p>.c1-card {<br \/>\n    color: #3b82f6;<br \/>\n}<\/p>\n<p>.c2-card {<br \/>\n    color: #10b981;<br \/>\n}<\/p>\n<p>.classification-card:hover {<br \/>\n    transform: translateY(-5px);<br \/>\n    box-shadow: 0 12px 35px rgba(0, 0, 0, 0.12);<br \/>\n    border-color: currentColor;<br \/>\n}<\/p>\n<p>.classification-card:hover::before {<br \/>\n    opacity: 1;<br \/>\n}<\/p>\n<p>.card-header {<br \/>\n    display: flex;<br \/>\n    align-items: center;<br \/>\n    gap: 16px;<br \/>\n    margin-bottom: 30px;<br \/>\n    padding-bottom: 20px;<br \/>\n    border-bottom: 2px solid #f1f5f9;<br \/>\n}<\/p>\n<p>.class-badge {<br \/>\n    width: 60px;<br \/>\n    height: 60px;<br \/>\n    border-radius: 50%;<br \/>\n    display: flex;<br \/>\n    align-items: center;<br \/>\n    justify-content: center;<br \/>\n    font-size: 1.5rem;<br \/>\n    font-weight: 800;<br \/>\n    color: white;<br \/>\n    box-shadow: 0 4px 15px rgba(0, 0, 0, 0.15);<br \/>\n    flex-shrink: 0;<br \/>\n}<\/p>\n<p>.c1-badge {<br \/>\n    background: linear-gradient(135deg, #3b82f6, #1d4ed8);<br \/>\n}<\/p>\n<p>.c2-badge {<br \/>\n    background: linear-gradient(135deg, #10b981, #059669);<br \/>\n}<\/p>\n<p>.class-title {<br \/>\n    font-size: 1.5rem;<br \/>\n    font-weight: 700;<br \/>\n    color: #1e293b;<br \/>\n    margin: 0;<br \/>\n}<\/p>\n<p>.class-features {<br \/>\n    display: flex;<br \/>\n    flex-direction: column;<br \/>\n    gap: 24px;<br \/>\n}<\/p>\n<p>.feature-item {<br \/>\n    display: flex;<br \/>\n    align-items: flex-start;<br \/>\n    gap: 16px;<br \/>\n    padding: 16px;<br \/>\n    background: linear-gradient(135deg, #f8fafc, #f1f5f9);<br \/>\n    border-radius: 12px;<br \/>\n    transition: all 0.3s ease;<br \/>\n}<\/p>\n<p>.feature-item:hover {<br \/>\n    background: linear-gradient(135deg, #f1f5f9, #e2e8f0);<br \/>\n    transform: translateX(5px);<br \/>\n}<\/p>\n<p>.feature-icon {<br \/>\n    flex-shrink: 0;<br \/>\n}<\/p>\n<p>.icon-wrapper {<br \/>\n    width: 48px;<br \/>\n    height: 48px;<br \/>\n    border-radius: 12px;<br \/>\n    display: flex;<br \/>\n    align-items: center;<br \/>\n    justify-content: center;<br \/>\n    position: relative;<br \/>\n}<\/p>\n<p>.c1-card .icon-wrapper {<br \/>\n    background: linear-gradient(135deg, rgba(59, 130, 246, 0.1), rgba(29, 78, 216, 0.1));<br \/>\n}<\/p>\n<p>.c2-card .icon-wrapper {<br \/>\n    background: linear-gradient(135deg, rgba(16, 185, 129, 0.1), rgba(5, 150, 105, 0.1));<br \/>\n}<\/p>\n<p>\/* Icon Styles *\/<br \/>\n.tile-small {<br \/>\n    width: 20px;<br \/>\n    height: 20px;<br \/>\n    background: linear-gradient(135deg, #3b82f6, #1d4ed8);<br \/>\n    border-radius: 3px;<br \/>\n}<\/p>\n<p>.tile-large {<br \/>\n    width: 28px;<br \/>\n    height: 28px;<br \/>\n    background: linear-gradient(135deg, #10b981, #059669);<br \/>\n    border-radius: 3px;<br \/>\n}<\/p>\n<p>.indoor-symbol {<br \/>\n    width: 24px;<br \/>\n    height: 24px;<br \/>\n    border: 3px solid #3b82f6;<br \/>\n    border-radius: 4px;<br \/>\n    position: relative;<br \/>\n}<\/p>\n<p>.indoor-symbol::before {<br \/>\n    content: '';<br \/>\n    position: absolute;<br \/>\n    top: 50%;<br \/>\n    left: 50%;<br \/>\n    transform: translate(-50%, -50%);<br \/>\n    width: 12px;<br \/>\n    height: 12px;<br \/>\n    background: #3b82f6;<br \/>\n    border-radius: 2px;<br \/>\n}<\/p>\n<p>.bond-bars {<br \/>\n    width: 24px;<br \/>\n    height: 24px;<br \/>\n    display: flex;<br \/>\n    gap: 3px;<br \/>\n    align-items: flex-end;<br \/>\n}<\/p>\n<p>.bond-bars::before,<br \/>\n.bond-bars::after {<br \/>\n    content: '';<br \/>\n    width: 6px;<br \/>\n    background: #3b82f6;<br \/>\n    border-radius: 2px;<br \/>\n}<\/p>\n<p>.bond-bars::before {<br \/>\n    height: 16px;<br \/>\n}<\/p>\n<p>.bond-bars::after {<br \/>\n    height: 24px;<br \/>\n}<\/p>\n<p>.weather-symbol {<br \/>\n    width: 24px;<br \/>\n    height: 24px;<br \/>\n    position: relative;<br \/>\n}<\/p>\n<p>.weather-symbol::before {<br \/>\n    content: '';<br \/>\n    position: absolute;<br \/>\n    top: 0;<br \/>\n    left: 0;<br \/>\n    width: 16px;<br \/>\n    height: 16px;<br \/>\n    border: 3px solid #10b981;<br \/>\n    border-radius: 50%;<br \/>\n}<\/p>\n<p>.weather-symbol::after {<br \/>\n    content: '';<br \/>\n    position: absolute;<br \/>\n    bottom: 0;<br \/>\n    right: 0;<br \/>\n    width: 0;<br \/>\n    height: 0;<br \/>\n    border-left: 8px solid transparent;<br \/>\n    border-right: 8px solid transparent;<br \/>\n    border-top: 12px solid #10b981;<br \/>\n}<\/p>\n<p>.durability-shield {<br \/>\n    width: 24px;<br \/>\n    height: 28px;<br \/>\n    background: linear-gradient(135deg, #10b981, #059669);<br \/>\n    clip-path: polygon(50% 0%, 100% 25%, 100% 75%, 50% 100%, 0% 75%, 0% 25%);<br \/>\n}<\/p>\n<p>.feature-text h4 {<br \/>\n    font-size: 1rem;<br \/>\n    font-weight: 700;<br \/>\n    color: #1e293b;<br \/>\n    margin: 0 0 6px 0;<br \/>\n}<\/p>\n<p>.feature-text p {<br \/>\n    font-size: 0.9rem;<br \/>\n    color: #64748b;<br \/>\n    margin: 0;<br \/>\n    line-height: 1.5;<br \/>\n}<\/p>\n<p>\/* Additives Section *\/<br \/>\n.additives-section {<br \/>\n    margin-bottom: 80px;<br \/>\n}<\/p>\n<p>.additives-content {<br \/>\n    display: grid;<br \/>\n    grid-template-columns: 1fr 1fr;<br \/>\n    gap: 50px;<br \/>\n    align-items: stretch;<br \/>\n}<\/p>\n<p>.additives-text {<br \/>\n    display: flex;<br \/>\n    flex-direction: column;<br \/>\n}<\/p>\n<p>.additives-description {<br \/>\n    font-size: 1.05rem;<br \/>\n    line-height: 1.8;<br \/>\n    color: #475569;<br \/>\n    margin-bottom: 32px;<br \/>\n}<\/p>\n<p>.additives-types {<br \/>\n    display: flex;<br \/>\n    flex-direction: column;<br \/>\n    gap: 24px;<br \/>\n    margin-top: auto;<br \/>\n}<\/p>\n<p>.additive-type {<br \/>\n    background: white;<br \/>\n    padding: 28px;<br \/>\n    border-radius: 16px;<br \/>\n    box-shadow: 0 4px 15px rgba(0, 0, 0, 0.06);<br \/>\n    border: 1px solid #e2e8f0;<br \/>\n    transition: all 0.3s ease;<br \/>\n}<\/p>\n<p>.additive-type:hover {<br \/>\n    transform: translateY(-3px);<br \/>\n    box-shadow: 0 8px 25px rgba(0, 0, 0, 0.1);<br \/>\n}<\/p>\n<p>.hpmc-type {<br \/>\n    border-left: 4px solid #3b82f6;<br \/>\n}<\/p>\n<p>.rdp-type {<br \/>\n    border-left: 4px solid #8b5cf6;<br \/>\n}<\/p>\n<p>.additive-header {<br \/>\n    display: flex;<br \/>\n    align-items: center;<br \/>\n    gap: 16px;<br \/>\n    margin-bottom: 20px;<br \/>\n}<\/p>\n<p>.additive-icon {<br \/>\n    width: 48px;<br \/>\n    height: 48px;<br \/>\n    border-radius: 12px;<br \/>\n    display: flex;<br \/>\n    align-items: center;<br \/>\n    justify-content: center;<br \/>\n    flex-shrink: 0;<br \/>\n}<\/p>\n<p>.hpmc-icon {<br \/>\n    background: linear-gradient(135deg, rgba(59, 130, 246, 0.1), rgba(29, 78, 216, 0.1));<br \/>\n}<\/p>\n<p>.rdp-icon {<br \/>\n    background: linear-gradient(135deg, rgba(139, 92, 246, 0.1), rgba(124, 58, 237, 0.1));<br \/>\n}<\/p>\n<p>.molecule-structure {<br \/>\n    width: 28px;<br \/>\n    height: 20px;<br \/>\n    position: relative;<br \/>\n}<\/p>\n<p>.molecule-structure .atom {<br \/>\n    width: 8px;<br \/>\n    height: 8px;<br \/>\n    background: #3b82f6;<br \/>\n    border-radius: 50%;<br \/>\n    position: absolute;<br \/>\n}<\/p>\n<p>.molecule-structure .atom:nth-child(1) {<br \/>\n    left: 0;<br \/>\n    top: 0;<br \/>\n}<\/p>\n<p>.molecule-structure .atom:nth-child(2) {<br \/>\n    right: 0;<br \/>\n    top: 0;<br \/>\n}<\/p>\n<p>.molecule-structure .atom:nth-child(3) {<br \/>\n    left: 50%;<br \/>\n    bottom: 0;<br \/>\n    transform: translateX(-50%);<br \/>\n}<\/p>\n<p>.molecule-structure .bond {<br \/>\n    position: absolute;<br \/>\n    height: 2px;<br \/>\n    background: #3b82f6;<br \/>\n    width: 14px;<br \/>\n}<\/p>\n<p>.molecule-structure .bond:nth-child(4) {<br \/>\n    top: 4px;<br \/>\n    left: 4px;<br \/>\n    transform: rotate(30deg);<br \/>\n}<\/p>\n<p>.molecule-structure .bond:nth-child(5) {<br \/>\n    top: 4px;<br \/>\n    right: 4px;<br \/>\n    transform: rotate(-30deg);<br \/>\n}<\/p>\n<p>.polymer-chain {<br \/>\n    width: 32px;<br \/>\n    height: 20px;<br \/>\n    display: flex;<br \/>\n    justify-content: space-between;<br \/>\n    align-items: center;<br \/>\n}<\/p>\n<p>.polymer-unit {<br \/>\n    width: 8px;<br \/>\n    height: 8px;<br \/>\n    background: #8b5cf6;<br \/>\n    border-radius: 2px;<br \/>\n    animation: polymerPulse 2s ease-in-out infinite;<br \/>\n}<\/p>\n<p>.polymer-unit:nth-child(2) {<br \/>\n    animation-delay: 0.3s;<br \/>\n}<\/p>\n<p>.polymer-unit:nth-child(3) {<br \/>\n    animation-delay: 0.6s;<br \/>\n}<\/p>\n<p>@keyframes polymerPulse {<br \/>\n    0%, 100% {<br \/>\n        transform: scale(1);<br \/>\n    }<br \/>\n    50% {<br \/>\n        transform: scale(1.2);<br \/>\n    }<br \/>\n}<\/p>\n<p>.additive-header h3 {<br \/>\n    font-size: 1.15rem;<br \/>\n    font-weight: 700;<br \/>\n    color: #1e293b;<br \/>\n    margin: 0;<br \/>\n}<\/p>\n<p>.additive-benefits {<br \/>\n    list-style: none;<br \/>\n    padding: 0;<br \/>\n    margin: 0;<br \/>\n    display: flex;<br \/>\n    flex-direction: column;<br \/>\n    gap: 12px;<br \/>\n}<\/p>\n<p>.additive-benefits li {<br \/>\n    font-size: 0.95rem;<br \/>\n    color: #475569;<br \/>\n    padding-left: 24px;<br \/>\n    position: relative;<br \/>\n    line-height: 1.6;<br \/>\n}<\/p>\n<p>.additive-benefits li::before {<br \/>\n    content: '\u2713';<br \/>\n    position: absolute;<br \/>\n    left: 0;<br \/>\n    color: #10b981;<br \/>\n    font-weight: 700;<br \/>\n    font-size: 1.1rem;<br \/>\n}<\/p>\n<p>.additives-images {<br \/>\n    display: flex;<br \/>\n    flex-direction: column;<br \/>\n    gap: 24px;<br \/>\n    justify-content: center;<br \/>\n}<\/p>\n<p>.additives-image {<\/p>","protected":false},"excerpt":{"rendered":"<p>Adesivo para Azulejos \u2013 Fixa\u00e7\u00e3o Forte para Azulejos Solu\u00e7\u00f5es avan\u00e7adas \u00e0 base de cimento para instala\u00e7\u00e3o profissional de azulejos O que \u00e9 Adesivo para Azulejos? Adesivo para azulejos, tamb\u00e9m chamado de cola para azulejos, \u00e9 uma mistura especialmente formulada feita de cimento, areia, calc\u00e1rio e aditivos que melhoram o desempenho. \u00c9 amplamente utilizado para fixar azulejos de cer\u00e2mica, porcelana ou pedra em diferentes superf\u00edcies, como cimento, concreto, [\u2026]<\/p>","protected":false},"author":1,"featured_media":0,"parent":5387,"menu_order":0,"comment_status":"closed","ping_status":"closed","template":"elementor_header_footer","meta":{"footnotes":""},"class_list":["post-5031","page","type-page","status-publish","hentry"],"_links":{"self":[{"href":"https:\/\/hpmc.ae\/pt_br\/wp-json\/wp\/v2\/pages\/5031","targetHints":{"allow":["GET"]}}],"collection":[{"href":"https:\/\/hpmc.ae\/pt_br\/wp-json\/wp\/v2\/pages"}],"about":[{"href":"https:\/\/hpmc.ae\/pt_br\/wp-json\/wp\/v2\/types\/page"}],"author":[{"embeddable":true,"href":"https:\/\/hpmc.ae\/pt_br\/wp-json\/wp\/v2\/users\/1"}],"replies":[{"embeddable":true,"href":"https:\/\/hpmc.ae\/pt_br\/wp-json\/wp\/v2\/comments?post=5031"}],"version-history":[{"count":1,"href":"https:\/\/hpmc.ae\/pt_br\/wp-json\/wp\/v2\/pages\/5031\/revisions"}],"predecessor-version":[{"id":5032,"href":"https:\/\/hpmc.ae\/pt_br\/wp-json\/wp\/v2\/pages\/5031\/revisions\/5032"}],"up":[{"embeddable":true,"href":"https:\/\/hpmc.ae\/pt_br\/wp-json\/wp\/v2\/pages\/5387"}],"wp:attachment":[{"href":"https:\/\/hpmc.ae\/pt_br\/wp-json\/wp\/v2\/media?parent=5031"}],"curies":[{"name":"wp","href":"https:\/\/api.w.org\/{rel}","templated":true}]}}