{"id":1612,"date":"2021-06-29T08:43:43","date_gmt":"2021-06-29T08:43:43","guid":{"rendered":"http:\/\/hpmc.ae\/?page_id=1612"},"modified":"2021-06-29T08:45:50","modified_gmt":"2021-06-29T08:45:50","slug":"detergents","status":"publish","type":"page","link":"https:\/\/hpmc.ae\/sk\/detergents\/","title":{"rendered":"Detergents"},"content":{"rendered":"<div data-elementor-type=\"wp-page\" data-elementor-id=\"1612\" class=\"elementor elementor-1612\" data-elementor-post-type=\"page\">\n\t\t\t\t\t\t<section class=\"elementor-section elementor-top-section elementor-element elementor-element-lbm1uil elementor-section-boxed elementor-section-height-default elementor-section-height-default\" data-id=\"lbm1uil\" data-element_type=\"section\" data-settings=\"{&quot;background_background&quot;:&quot;classic&quot;}\">\n\t\t\t\t\t\t\t<div class=\"elementor-background-overlay\"><\/div>\n\t\t\t\t\t\t\t<div class=\"elementor-container elementor-column-gap-no\">\n\t\t\t\t\t<div class=\"elementor-column elementor-col-50 elementor-top-column elementor-element elementor-element-2db5b36\" data-id=\"2db5b36\" data-element_type=\"column\">\n\t\t\t<div class=\"elementor-widget-wrap elementor-element-populated\">\n\t\t\t\t\t\t<div class=\"elementor-element elementor-element-e42959b elementor-widget elementor-widget-heading\" data-id=\"e42959b\" data-element_type=\"widget\" data-widget_type=\"heading.default\">\n\t\t\t\t<div class=\"elementor-widget-container\">\n\t\t\t\t\t<h2 class=\"elementor-heading-title elementor-size-default\">Detergents<\/h2>\t\t\t\t<\/div>\n\t\t\t\t<\/div>\n\t\t\t\t<div class=\"elementor-element elementor-element-a42dd00 elementor-widget elementor-widget-text-editor\" data-id=\"a42dd00\" data-element_type=\"widget\" data-widget_type=\"text-editor.default\">\n\t\t\t\t<div class=\"elementor-widget-container\">\n\t\t\t\t\t\t\t\t\t<div class=\"elementor-element elementor-element-bc163e5 elementor-widget elementor-widget-text-editor\" data-id=\"bc163e5\" data-element_type=\"widget\" data-widget_type=\"text-editor.default\"><div class=\"elementor-widget-container\"><p>MEIKAI EgaCel\u2122 HPMC sa pou\u017e\u00edva ako zahus\u0165ovadlo, riadiaci prostriedok rheol\u00f3gie, disperga\u010dn\u00fd prostriedok a emulg\u00e1tor pre \u0161amp\u00f3ny, mlieka a zubn\u00e9 pasty.<\/p><\/div><\/div><div class=\"elementor-element elementor-element-441df58 elementor-widget elementor-widget-text-editor\" data-id=\"441df58\" data-element_type=\"widget\" data-widget_type=\"text-editor.default\"><div class=\"elementor-widget-container\"><p>Prieh\u013eadnos\u0165 roztoku : Poskytuje vy\u0161\u0161iu prieh\u013eadnos\u0165 zn\u00ed\u017een\u00edm z\u00e1kalu a obsahov vl\u00e1kien Tolerancia vo\u010di pH a soli : M\u00e1 vysok\u00fa toleranciu vo\u010di rozpt\u00fdlen\u00fdm elektrolytom alebo soliam a zost\u00e1va stabiln\u00fd pri vari\u00e1ci\u00e1ch pH. Lubrik\u00e1cia : Zlep\u0161uje tok a disperziu produktov<\/p><\/div><\/div>\t\t\t\t\t\t\t\t<\/div>\n\t\t\t\t<\/div>\n\t\t\t\t\t<\/div>\n\t\t<\/div>\n\t\t\t\t<div class=\"elementor-column elementor-col-50 elementor-top-column elementor-element elementor-element-c4be8bc\" data-id=\"c4be8bc\" data-element_type=\"column\">\n\t\t\t<div class=\"elementor-widget-wrap elementor-element-populated\">\n\t\t\t\t\t\t<div class=\"elementor-element elementor-element-ff37682 elementor-widget elementor-widget-image\" data-id=\"ff37682\" data-element_type=\"widget\" data-widget_type=\"image.default\">\n\t\t\t\t<div class=\"elementor-widget-container\">\n\t\t\t\t\t\t\t\t\t\t\t\t\t\t\t<img fetchpriority=\"high\" decoding=\"async\" width=\"1200\" height=\"622\" src=\"https:\/\/hpmc.ae\/wp-content\/uploads\/2021\/06\/Detergents.jpg\" class=\"attachment-full size-full wp-image-1109\" alt=\"\" srcset=\"https:\/\/hpmc.ae\/wp-content\/uploads\/2021\/06\/Detergents.jpg 1200w, https:\/\/hpmc.ae\/wp-content\/uploads\/2021\/06\/Detergents-300x156.jpg 300w, https:\/\/hpmc.ae\/wp-content\/uploads\/2021\/06\/Detergents-1024x531.jpg 1024w, https:\/\/hpmc.ae\/wp-content\/uploads\/2021\/06\/Detergents-768x398.jpg 768w\" sizes=\"(max-width: 1200px) 100vw, 1200px\" \/>\t\t\t\t\t\t\t\t\t\t\t\t\t\t\t<\/div>\n\t\t\t\t<\/div>\n\t\t\t\t\t<\/div>\n\t\t<\/div>\n\t\t\t\t\t<\/div>\n\t\t<\/section>\n\t\t\t\t<\/div>","protected":false},"excerpt":{"rendered":"<p>Detergents MEIKAI EgaCel\u2122\u00a0 HPMC\u00a0\u00a0is used as a thickening agent, rheology controller, dispersing agent, and emulsifier for shampoos, lotions, and toothpastes. Clarity of solution :Provide higher clarity by reducing haziness and fiber contents Tolerance to pH and salt : It has a high tolerance for dissolved for dissolved electrolytes or salts and remains stable in pH [&hellip;]<\/p>","protected":false},"author":1,"featured_media":0,"parent":0,"menu_order":0,"comment_status":"closed","ping_status":"closed","template":"","meta":{"footnotes":""},"class_list":["post-1612","page","type-page","status-publish","hentry"],"_links":{"self":[{"href":"https:\/\/hpmc.ae\/sk\/wp-json\/wp\/v2\/pages\/1612","targetHints":{"allow":["GET"]}}],"collection":[{"href":"https:\/\/hpmc.ae\/sk\/wp-json\/wp\/v2\/pages"}],"about":[{"href":"https:\/\/hpmc.ae\/sk\/wp-json\/wp\/v2\/types\/page"}],"author":[{"embeddable":true,"href":"https:\/\/hpmc.ae\/sk\/wp-json\/wp\/v2\/users\/1"}],"replies":[{"embeddable":true,"href":"https:\/\/hpmc.ae\/sk\/wp-json\/wp\/v2\/comments?post=1612"}],"version-history":[{"count":7,"href":"https:\/\/hpmc.ae\/sk\/wp-json\/wp\/v2\/pages\/1612\/revisions"}],"predecessor-version":[{"id":1619,"href":"https:\/\/hpmc.ae\/sk\/wp-json\/wp\/v2\/pages\/1612\/revisions\/1619"}],"wp:attachment":[{"href":"https:\/\/hpmc.ae\/sk\/wp-json\/wp\/v2\/media?parent=1612"}],"curies":[{"name":"wp","href":"https:\/\/api.w.org\/{rel}","templated":true}]}}