{"id":1576,"date":"2021-06-29T08:32:43","date_gmt":"2021-06-29T08:32:43","guid":{"rendered":"http:\/\/hpmc.ae\/?page_id=1576"},"modified":"2025-12-10T05:24:38","modified_gmt":"2025-12-10T05:24:38","slug":"painting-coating","status":"publish","type":"page","link":"https:\/\/hpmc.ae\/sv\/industrial-applications\/painting-coating\/","title":{"rendered":"M\u00e5lning och bel\u00e4ggning"},"content":{"rendered":"<div data-elementor-type=\"wp-page\" data-elementor-id=\"1576\" class=\"elementor elementor-1576\" data-elementor-post-type=\"page\">\n\t\t\t\t\t\t<section class=\"elementor-section elementor-top-section elementor-element elementor-element-lbm1uil elementor-section-boxed elementor-section-height-default elementor-section-height-default\" data-id=\"lbm1uil\" data-element_type=\"section\" data-settings=\"{&quot;background_background&quot;:&quot;classic&quot;}\">\n\t\t\t\t\t\t\t<div class=\"elementor-background-overlay\"><\/div>\n\t\t\t\t\t\t\t<div class=\"elementor-container elementor-column-gap-no\">\n\t\t\t\t\t<div class=\"elementor-column elementor-col-50 elementor-top-column elementor-element elementor-element-2db5b36\" data-id=\"2db5b36\" data-element_type=\"column\">\n\t\t\t<div class=\"elementor-widget-wrap elementor-element-populated\">\n\t\t\t\t\t\t<div class=\"elementor-element elementor-element-e42959b elementor-widget elementor-widget-heading\" data-id=\"e42959b\" data-element_type=\"widget\" data-widget_type=\"heading.default\">\n\t\t\t\t<div class=\"elementor-widget-container\">\n\t\t\t\t\t<h2 class=\"elementor-heading-title elementor-size-default\">\nM\u00e5lning &amp; Bel\u00e4ggning<\/h2>\t\t\t\t<\/div>\n\t\t\t\t<\/div>\n\t\t\t\t<div class=\"elementor-element elementor-element-a42dd00 elementor-widget elementor-widget-text-editor\" data-id=\"a42dd00\" data-element_type=\"widget\" data-widget_type=\"text-editor.default\">\n\t\t\t\t<div class=\"elementor-widget-container\">\n\t\t\t\t\t\t\t\t\t<p>MEIKAI EgaCel\u2122 HEC anv\u00e4nds vid produktion av r\u00e5olja och naturgas. Dess enorma vattenh\u00e5llande f\u00f6rm\u00e5ga och elektrolyt tolerans g\u00f6r Landercoll till ett kraftfullt tillsatsmedel f\u00f6r v\u00e4tskef\u00f6rlust vid borrh\u00e5lscementering. Dess l\u00e4mpliga tillsatser under borrningsprocessens steg stimulering, f\u00e4rdigst\u00e4llande och reparation.<\/p>\t\t\t\t\t\t\t\t<\/div>\n\t\t\t\t<\/div>\n\t\t\t\t\t<\/div>\n\t\t<\/div>\n\t\t\t\t<div class=\"elementor-column elementor-col-50 elementor-top-column elementor-element elementor-element-c4be8bc\" data-id=\"c4be8bc\" data-element_type=\"column\">\n\t\t\t<div class=\"elementor-widget-wrap elementor-element-populated\">\n\t\t\t\t\t\t<div class=\"elementor-element elementor-element-ff37682 elementor-widget elementor-widget-image\" data-id=\"ff37682\" data-element_type=\"widget\" data-widget_type=\"image.default\">\n\t\t\t\t<div class=\"elementor-widget-container\">\n\t\t\t\t\t\t\t\t\t\t\t\t\t\t\t<img fetchpriority=\"high\" decoding=\"async\" width=\"1200\" height=\"622\" src=\"https:\/\/hpmc.ae\/wp-content\/uploads\/2021\/06\/Painting-Coating.jpg\" class=\"attachment-full size-full wp-image-1108\" alt=\"\" srcset=\"https:\/\/hpmc.ae\/wp-content\/uploads\/2021\/06\/Painting-Coating.jpg 1200w, https:\/\/hpmc.ae\/wp-content\/uploads\/2021\/06\/Painting-Coating-300x156.jpg 300w, https:\/\/hpmc.ae\/wp-content\/uploads\/2021\/06\/Painting-Coating-1024x531.jpg 1024w, https:\/\/hpmc.ae\/wp-content\/uploads\/2021\/06\/Painting-Coating-768x398.jpg 768w\" sizes=\"(max-width: 1200px) 100vw, 1200px\" \/>\t\t\t\t\t\t\t\t\t\t\t\t\t\t\t<\/div>\n\t\t\t\t<\/div>\n\t\t\t\t\t<\/div>\n\t\t<\/div>\n\t\t\t\t\t<\/div>\n\t\t<\/section>\n\t\t\t\t<section class=\"elementor-section elementor-top-section elementor-element elementor-element-6289fuc elementor-section-boxed elementor-section-height-default elementor-section-height-default\" data-id=\"6289fuc\" data-element_type=\"section\">\n\t\t\t\t\t\t<div class=\"elementor-container elementor-column-gap-no\">\n\t\t\t\t\t<div class=\"elementor-column elementor-col-100 elementor-top-column elementor-element elementor-element-ef71edf\" data-id=\"ef71edf\" data-element_type=\"column\">\n\t\t\t<div class=\"elementor-widget-wrap elementor-element-populated\">\n\t\t\t\t\t\t<div class=\"elementor-element elementor-element-c75db0c elementor-widget elementor-widget-heading\" data-id=\"c75db0c\" data-element_type=\"widget\" data-widget_type=\"heading.default\">\n\t\t\t\t<div class=\"elementor-widget-container\">\n\t\t\t\t\t<h2 class=\"elementor-heading-title elementor-size-default\">Varf\u00f6r MEIKAI EgaCel\u2122<\/h2>\t\t\t\t<\/div>\n\t\t\t\t<\/div>\n\t\t\t\t<div class=\"elementor-element elementor-element-cf5e43c elementor-widget-divider--view-line elementor-widget elementor-widget-divider\" data-id=\"cf5e43c\" data-element_type=\"widget\" data-widget_type=\"divider.default\">\n\t\t\t\t<div class=\"elementor-widget-container\">\n\t\t\t\t\t\t\t<div class=\"elementor-divider\">\n\t\t\t<span class=\"elementor-divider-separator\">\n\t\t\t\t\t\t<\/span>\n\t\t<\/div>\n\t\t\t\t\t\t<\/div>\n\t\t\t\t<\/div>\n\t\t\t\t<div class=\"elementor-element elementor-element-da461da elementor-widget elementor-widget-heading\" data-id=\"da461da\" data-element_type=\"widget\" data-widget_type=\"heading.default\">\n\t\t\t\t<div class=\"elementor-widget-container\">\n\t\t\t\t\t<h5 class=\"elementor-heading-title elementor-size-default\">Inom oljeindustrin anv\u00e4nds l\u00e5gvisk\u00f6s HEC huvudsakligen som vattenf\u00f6rlustkontroll, medan h\u00f6gvisk\u00f6s HEC anv\u00e4nds som viskositetsmedel i brunnsf\u00e4rdigst\u00e4llande eller slutgiltig v\u00e4tska.<\/h5>\t\t\t\t<\/div>\n\t\t\t\t<\/div>\n\t\t\t\t\t<\/div>\n\t\t<\/div>\n\t\t\t\t\t<\/div>\n\t\t<\/section>\n\t\t\t\t<section class=\"elementor-section elementor-top-section elementor-element elementor-element-633df6e elementor-section-boxed elementor-section-height-default elementor-section-height-default\" data-id=\"633df6e\" data-element_type=\"section\">\n\t\t\t\t\t\t<div class=\"elementor-container elementor-column-gap-default\">\n\t\t\t\t\t<div class=\"elementor-column elementor-col-50 elementor-top-column elementor-element elementor-element-7c87dc9\" data-id=\"7c87dc9\" data-element_type=\"column\">\n\t\t\t<div class=\"elementor-widget-wrap elementor-element-populated\">\n\t\t\t\t\t\t<div class=\"elementor-element elementor-element-281460b elementor-widget elementor-widget-text-editor\" data-id=\"281460b\" data-element_type=\"widget\" data-widget_type=\"text-editor.default\">\n\t\t\t\t<div class=\"elementor-widget-container\">\n\t\t\t\t\t\t\t\t\t<p>\u221a Utm\u00e4rkt f\u00e4rgacceptans<\/p><p>\u221a Bred kompatibilitet med f\u00e4rgkomponenter &amp; f\u00e4rg\u00e4mnen<\/p><p>\u221a Pseudoplastisk eller associativ viskositetsuppbyggnad<\/p><p>\u221a Utm\u00e4rkt l\u00e5ngsiktig stabilitet vid \u00e5ldrande<\/p><p>\u221a Bra vattenh\u00e5llande f\u00f6rm\u00e5ga och \u00f6ppentid<\/p>\t\t\t\t\t\t\t\t<\/div>\n\t\t\t\t<\/div>\n\t\t\t\t\t<\/div>\n\t\t<\/div>\n\t\t\t\t<div class=\"elementor-column elementor-col-50 elementor-top-column elementor-element elementor-element-0f8aa62\" data-id=\"0f8aa62\" data-element_type=\"column\">\n\t\t\t<div class=\"elementor-widget-wrap\">\n\t\t\t\t\t\t\t<\/div>\n\t\t<\/div>\n\t\t\t\t\t<\/div>\n\t\t<\/section>\n\t\t\t\t<\/div>","protected":false},"excerpt":{"rendered":"<p>M\u00e5lning &amp; Bel\u00e4ggning MEIKAI EgaCel\u2122 HEC anv\u00e4nds vid produktion av r\u00e5olja och naturgas. Dess enorma vattenh\u00e5llande f\u00f6rm\u00e5ga och elektrolyt tolerans g\u00f6r Landercoll till ett kraftfullt tillsatsmedel f\u00f6r v\u00e4tskef\u00f6rlust vid borrh\u00e5lscementering. Dess l\u00e4mpliga tillsatser under borrningsprocessens steg stimulering, f\u00e4rdigst\u00e4llande och reparation. Varf\u00f6r MEIKAI EgaCel\u2122 I oljeutvinningsindustrin, l\u00e5gviskositets HEC [\u2026]<\/p>","protected":false},"author":1,"featured_media":0,"parent":5369,"menu_order":0,"comment_status":"closed","ping_status":"closed","template":"","meta":{"footnotes":""},"class_list":["post-1576","page","type-page","status-publish","hentry"],"_links":{"self":[{"href":"https:\/\/hpmc.ae\/sv\/wp-json\/wp\/v2\/pages\/1576","targetHints":{"allow":["GET"]}}],"collection":[{"href":"https:\/\/hpmc.ae\/sv\/wp-json\/wp\/v2\/pages"}],"about":[{"href":"https:\/\/hpmc.ae\/sv\/wp-json\/wp\/v2\/types\/page"}],"author":[{"embeddable":true,"href":"https:\/\/hpmc.ae\/sv\/wp-json\/wp\/v2\/users\/1"}],"replies":[{"embeddable":true,"href":"https:\/\/hpmc.ae\/sv\/wp-json\/wp\/v2\/comments?post=1576"}],"version-history":[{"count":13,"href":"https:\/\/hpmc.ae\/sv\/wp-json\/wp\/v2\/pages\/1576\/revisions"}],"predecessor-version":[{"id":1608,"href":"https:\/\/hpmc.ae\/sv\/wp-json\/wp\/v2\/pages\/1576\/revisions\/1608"}],"up":[{"embeddable":true,"href":"https:\/\/hpmc.ae\/sv\/wp-json\/wp\/v2\/pages\/5369"}],"wp:attachment":[{"href":"https:\/\/hpmc.ae\/sv\/wp-json\/wp\/v2\/media?parent=1576"}],"curies":[{"name":"wp","href":"https:\/\/api.w.org\/{rel}","templated":true}]}}